{"id":67161,"date":"2023-06-23T01:52:20","date_gmt":"2023-06-22T23:52:20","guid":{"rendered":"https:\/\/chmedica.ch\/prodotto\/deambulateur-ideal-avec-4-roulettes\/"},"modified":"2024-01-03T00:30:55","modified_gmt":"2024-01-02T23:30:55","slug":"deambulateur-ideal-avec-4-roulettes","status":"publish","type":"product","link":"https:\/\/chmedica.ch\/fr\/produit\/deambulateur-ideal-avec-4-roulettes\/","title":{"rendered":"D\u00c9AMBULATEUR IDEAL AVEC 4 ROULETTES"},"content":{"rendered":"","protected":false},"excerpt":{"rendered":"<p>Structure en acier bleu, pliable, r\u00e9glable, en hauteur. 4 roulettes solides (2 arri\u00e8re fixes et 2 avant pivotantes).<\/p>\n<p>Poign\u00e9e ergonomique et r\u00e9glable et frein \u00e0 main. Livr\u00e9 avec si\u00e8ge rembourr\u00e9, panier et plateau.<\/p>\n<p>\u2022 Poids: 12,5 kg<br \/>\n\u2022 Capacit\u00e9: 120 kg<br \/>\n\u2022 Dimensions emballage: 610 x 270 x 700 mm<\/p>\n<p>Hauteur r\u00e9glable 78-97 cm<br \/>\nPlateau 39 x 25 cm<br \/>\nRoulettes \u00d8 20 cm (8\u201c)<br \/>\nDimensions: 66 x 59,2 cm<\/p>\n","protected":false},"featured_media":67155,"template":"","meta":{"_acf_changed":false},"product_brand":[],"product_cat":[848,1334],"product_tag":[],"class_list":{"0":"post-67161","1":"product","2":"type-product","3":"status-publish","4":"has-post-thumbnail","6":"product_cat-aides-pour-personnes-handicapees","7":"product_cat-deambulateurs-exerciseurs","9":"first","10":"onbackorder","11":"taxable","12":"shipping-taxable","13":"purchasable","14":"product-type-simple"},"acf":{"fornitore":"GIMA","standard_accessori":"","unita_misura":"1 pz."},"_links":{"self":[{"href":"https:\/\/chmedica.ch\/fr\/wp-json\/wp\/v2\/product\/67161","targetHints":{"allow":["GET"]}}],"collection":[{"href":"https:\/\/chmedica.ch\/fr\/wp-json\/wp\/v2\/product"}],"about":[{"href":"https:\/\/chmedica.ch\/fr\/wp-json\/wp\/v2\/types\/product"}],"wp:featuredmedia":[{"embeddable":true,"href":"https:\/\/chmedica.ch\/fr\/wp-json\/wp\/v2\/media\/67155"}],"wp:attachment":[{"href":"https:\/\/chmedica.ch\/fr\/wp-json\/wp\/v2\/media?parent=67161"}],"wp:term":[{"taxonomy":"product_brand","embeddable":true,"href":"https:\/\/chmedica.ch\/fr\/wp-json\/wp\/v2\/product_brand?post=67161"},{"taxonomy":"product_cat","embeddable":true,"href":"https:\/\/chmedica.ch\/fr\/wp-json\/wp\/v2\/product_cat?post=67161"},{"taxonomy":"product_tag","embeddable":true,"href":"https:\/\/chmedica.ch\/fr\/wp-json\/wp\/v2\/product_tag?post=67161"}],"curies":[{"name":"wp","href":"https:\/\/api.w.org\/{rel}","templated":true}]}}