{"id":67140,"date":"2023-06-23T01:52:09","date_gmt":"2023-06-22T23:52:09","guid":{"rendered":"https:\/\/chmedica.ch\/prodotto\/pedalier-avec-ecran\/"},"modified":"2024-01-03T00:31:07","modified_gmt":"2024-01-02T23:31:07","slug":"pedalier-avec-ecran","status":"publish","type":"product","link":"https:\/\/chmedica.ch\/fr\/produit\/pedalier-avec-ecran\/","title":{"rendered":"P\u00c9DALIER AVEC \u00c9CRAN"},"content":{"rendered":"","protected":false},"excerpt":{"rendered":"<p>Mini-v\u00e9lo compacts pour exercices de cyclette. L&rsquo;utilisation r\u00e9guli\u00e8re stimule la circulation sanguine et augmente la force musculaire: une mani\u00e8re optimale pour effectuer une s\u00e9ance d&rsquo;entra\u00eenement cardiovasculaire mod\u00e9r\u00e9. \u00c0 placer sur une table pour exercer les bras ou par terre pour entra\u00eener les jambes assis sur une chaise.<\/p>\n<p>Mod\u00e8le pliable pour \u00e9conomiser de la place quand il n&rsquo;est pas utilis\u00e9.<br \/>\n\u00c9cran \u00e0 5 fonctions: temps, nombre de rotations, rotations par minute, calories br\u00fbl\u00e9es et balayage.<br \/>\nBo\u00eete et mode d&#8217;emploi multilingue: GB, FR, IT, ES, PT, DE, PL, GR.<br \/>\nAffichage batterie 1,5 V<br \/>\nAvec pommeau pour r\u00e9gler la tension.<br \/>\nDimensions: 37&#215;49.5&#215;26 cm.<\/p>\n","protected":false},"featured_media":67104,"template":"","meta":{"_acf_changed":false},"product_brand":[],"product_cat":[848,1334],"product_tag":[],"class_list":{"0":"post-67140","1":"product","2":"type-product","3":"status-publish","4":"has-post-thumbnail","6":"product_cat-aides-pour-personnes-handicapees","7":"product_cat-deambulateurs-exerciseurs","9":"first","10":"onbackorder","11":"taxable","12":"shipping-taxable","13":"purchasable","14":"product-type-simple"},"acf":{"fornitore":"GIMA","standard_accessori":"","unita_misura":"1 pz."},"_links":{"self":[{"href":"https:\/\/chmedica.ch\/fr\/wp-json\/wp\/v2\/product\/67140","targetHints":{"allow":["GET"]}}],"collection":[{"href":"https:\/\/chmedica.ch\/fr\/wp-json\/wp\/v2\/product"}],"about":[{"href":"https:\/\/chmedica.ch\/fr\/wp-json\/wp\/v2\/types\/product"}],"wp:featuredmedia":[{"embeddable":true,"href":"https:\/\/chmedica.ch\/fr\/wp-json\/wp\/v2\/media\/67104"}],"wp:attachment":[{"href":"https:\/\/chmedica.ch\/fr\/wp-json\/wp\/v2\/media?parent=67140"}],"wp:term":[{"taxonomy":"product_brand","embeddable":true,"href":"https:\/\/chmedica.ch\/fr\/wp-json\/wp\/v2\/product_brand?post=67140"},{"taxonomy":"product_cat","embeddable":true,"href":"https:\/\/chmedica.ch\/fr\/wp-json\/wp\/v2\/product_cat?post=67140"},{"taxonomy":"product_tag","embeddable":true,"href":"https:\/\/chmedica.ch\/fr\/wp-json\/wp\/v2\/product_tag?post=67140"}],"curies":[{"name":"wp","href":"https:\/\/api.w.org\/{rel}","templated":true}]}}