{"id":66489,"date":"2023-06-23T01:47:47","date_gmt":"2023-06-22T23:47:47","guid":{"rendered":"https:\/\/chmedica.ch\/prodotto\/table-de-massage-en-bois-a-2-sections-noire\/"},"modified":"2024-01-03T00:36:53","modified_gmt":"2024-01-02T23:36:53","slug":"table-de-massage-en-bois-a-2-sections-noire","status":"publish","type":"product","link":"https:\/\/chmedica.ch\/fr\/produit\/table-de-massage-en-bois-a-2-sections-noire\/","title":{"rendered":"TABLE DE MASSAGE EN BOIS \u00c0 2 SECTIONS &#8211; noire"},"content":{"rendered":"<p>\u2022 Dimensions produit ouvert: 185 x 70 x h 62\/87 cm<br \/>\n\u2022 Emballage: 95 x 20 x h 75 cm<br \/>\n\u2022 Net\/gross weight: 14\/17 kg<br \/>\n\u2022 Charge maximale: 227 kg (500 lbs)<br \/>\n\u2022 Mode d\u2019emploi: GB, FR, IT, ES, PT, DE.<\/p>\n","protected":false},"excerpt":{"rendered":"<p>Table de massage pliante \u00e0 hauteur r\u00e9glable \u00e0 2 sections; structure en bois de provenance allemande et capitonnage en PVC avec rembourrage de 5 cm d\u2019\u00e9paisseur.<\/p>\n<p>Les tables sont \u00e9quip\u00e9es d\u2019appuie-t\u00eate, accoudoir suspendu, ouverture bouche-nez et sac pour le transport.<\/p>\n","protected":false},"featured_media":66483,"template":"","meta":{"_acf_changed":false},"product_brand":[],"product_cat":[984,778],"product_tag":[],"class_list":{"0":"post-66489","1":"product","2":"type-product","3":"status-publish","4":"has-post-thumbnail","6":"product_cat-lits-pliants","7":"product_cat-tables-dexamen-et-marchepieds","9":"first","10":"onbackorder","11":"taxable","12":"shipping-taxable","13":"purchasable","14":"product-type-simple"},"acf":{"fornitore":"GIMA","standard_accessori":"","unita_misura":"1 pz."},"_links":{"self":[{"href":"https:\/\/chmedica.ch\/fr\/wp-json\/wp\/v2\/product\/66489","targetHints":{"allow":["GET"]}}],"collection":[{"href":"https:\/\/chmedica.ch\/fr\/wp-json\/wp\/v2\/product"}],"about":[{"href":"https:\/\/chmedica.ch\/fr\/wp-json\/wp\/v2\/types\/product"}],"wp:featuredmedia":[{"embeddable":true,"href":"https:\/\/chmedica.ch\/fr\/wp-json\/wp\/v2\/media\/66483"}],"wp:attachment":[{"href":"https:\/\/chmedica.ch\/fr\/wp-json\/wp\/v2\/media?parent=66489"}],"wp:term":[{"taxonomy":"product_brand","embeddable":true,"href":"https:\/\/chmedica.ch\/fr\/wp-json\/wp\/v2\/product_brand?post=66489"},{"taxonomy":"product_cat","embeddable":true,"href":"https:\/\/chmedica.ch\/fr\/wp-json\/wp\/v2\/product_cat?post=66489"},{"taxonomy":"product_tag","embeddable":true,"href":"https:\/\/chmedica.ch\/fr\/wp-json\/wp\/v2\/product_tag?post=66489"}],"curies":[{"name":"wp","href":"https:\/\/api.w.org\/{rel}","templated":true}]}}