{"id":65769,"date":"2023-06-23T01:42:51","date_gmt":"2023-06-22T23:42:51","guid":{"rendered":"https:\/\/chmedica.ch\/prodotto\/set-doutils-pour-doigts-leger-moyen-dur\/"},"modified":"2024-01-03T00:59:02","modified_gmt":"2024-01-02T23:59:02","slug":"set-doutils-pour-doigts-leger-moyen-dur","status":"publish","type":"product","link":"https:\/\/chmedica.ch\/fr\/produit\/set-doutils-pour-doigts-leger-moyen-dur\/","title":{"rendered":"SET D&rsquo;OUTILS POUR DOIGTS &#8211; l\u00e9ger\/moyen\/dur"},"content":{"rendered":"","protected":false},"excerpt":{"rendered":"<p>Conception parfaite pour la r\u00e9habilitation, soulage la fatigue de l&rsquo;utilisateur. Il suffit d&rsquo;ins\u00e9rer les doigts dans les espaces et les \u00e9tirer.<\/p>\n<p>Disponible avec trois niveaux de r\u00e9sistance: l\u00e9ger, moyen et haut.<\/p>\n","protected":false},"featured_media":65751,"template":"","meta":{"_acf_changed":false},"product_brand":[],"product_cat":[876,1540],"product_tag":[],"class_list":{"0":"post-65769","1":"product","2":"type-product","3":"status-publish","4":"has-post-thumbnail","6":"product_cat-draps-chirurgicaux","7":"product_cat-film-gravure","9":"first","10":"onbackorder","11":"taxable","12":"shipping-taxable","13":"purchasable","14":"product-type-simple"},"acf":{"fornitore":"GIMA","standard_accessori":"","unita_misura":"set di 3 pz."},"_links":{"self":[{"href":"https:\/\/chmedica.ch\/fr\/wp-json\/wp\/v2\/product\/65769","targetHints":{"allow":["GET"]}}],"collection":[{"href":"https:\/\/chmedica.ch\/fr\/wp-json\/wp\/v2\/product"}],"about":[{"href":"https:\/\/chmedica.ch\/fr\/wp-json\/wp\/v2\/types\/product"}],"wp:featuredmedia":[{"embeddable":true,"href":"https:\/\/chmedica.ch\/fr\/wp-json\/wp\/v2\/media\/65751"}],"wp:attachment":[{"href":"https:\/\/chmedica.ch\/fr\/wp-json\/wp\/v2\/media?parent=65769"}],"wp:term":[{"taxonomy":"product_brand","embeddable":true,"href":"https:\/\/chmedica.ch\/fr\/wp-json\/wp\/v2\/product_brand?post=65769"},{"taxonomy":"product_cat","embeddable":true,"href":"https:\/\/chmedica.ch\/fr\/wp-json\/wp\/v2\/product_cat?post=65769"},{"taxonomy":"product_tag","embeddable":true,"href":"https:\/\/chmedica.ch\/fr\/wp-json\/wp\/v2\/product_tag?post=65769"}],"curies":[{"name":"wp","href":"https:\/\/api.w.org\/{rel}","templated":true}]}}