{"id":64740,"date":"2023-06-23T01:36:56","date_gmt":"2023-06-22T23:36:56","guid":{"rendered":"https:\/\/chmedica.ch\/prodotto\/table-dexamen-veterinaire\/"},"modified":"2024-01-03T01:36:36","modified_gmt":"2024-01-03T00:36:36","slug":"table-dexamen-veterinaire","status":"publish","type":"product","link":"https:\/\/chmedica.ch\/fr\/produit\/table-dexamen-veterinaire\/","title":{"rendered":"TABLE D&rsquo;EXAMEN V\u00c9T\u00c9RINAIRE"},"content":{"rendered":"<p>0<\/p>\n","protected":false},"excerpt":{"rendered":"<p>TABLE D&rsquo;EXAMEN V\u00c9T\u00c9RINAIRE<\/p>\n<p>Table d&rsquo;op\u00e9ration v\u00e9t\u00e9rinaire, structure en acier tubulaire \u00e9maill\u00e9, plan de travail en inox AISI 304 15\/10 perc\u00e9 d&rsquo;un orifice surmontant un support pour cuvette de liquides.<br \/>\nCrochet lat\u00e9ral pour l&rsquo;immobilisation de l&rsquo;animal.<\/p>\n<p>Emballage: 121x15x90 cm<br \/>\nDim: 120x58xh 85 cm<br \/>\nPoids: 23 kg<br \/>\nCharge: 60 kg<\/p>\n<p>Made in Italy.<\/p>\n","protected":false},"featured_media":64734,"template":"","meta":{"_acf_changed":false},"product_brand":[],"product_cat":[1924,1422],"product_tag":[],"class_list":{"0":"post-64740","1":"product","2":"type-product","3":"status-publish","4":"has-post-thumbnail","6":"product_cat-tables-veterinaire","7":"product_cat-vitrines-armoires-et-tables","9":"first","10":"onbackorder","11":"taxable","12":"shipping-taxable","13":"purchasable","14":"product-type-simple"},"acf":{"fornitore":"GIMA","standard_accessori":"","unita_misura":"1 pz."},"_links":{"self":[{"href":"https:\/\/chmedica.ch\/fr\/wp-json\/wp\/v2\/product\/64740","targetHints":{"allow":["GET"]}}],"collection":[{"href":"https:\/\/chmedica.ch\/fr\/wp-json\/wp\/v2\/product"}],"about":[{"href":"https:\/\/chmedica.ch\/fr\/wp-json\/wp\/v2\/types\/product"}],"wp:featuredmedia":[{"embeddable":true,"href":"https:\/\/chmedica.ch\/fr\/wp-json\/wp\/v2\/media\/64734"}],"wp:attachment":[{"href":"https:\/\/chmedica.ch\/fr\/wp-json\/wp\/v2\/media?parent=64740"}],"wp:term":[{"taxonomy":"product_brand","embeddable":true,"href":"https:\/\/chmedica.ch\/fr\/wp-json\/wp\/v2\/product_brand?post=64740"},{"taxonomy":"product_cat","embeddable":true,"href":"https:\/\/chmedica.ch\/fr\/wp-json\/wp\/v2\/product_cat?post=64740"},{"taxonomy":"product_tag","embeddable":true,"href":"https:\/\/chmedica.ch\/fr\/wp-json\/wp\/v2\/product_tag?post=64740"}],"curies":[{"name":"wp","href":"https:\/\/api.w.org\/{rel}","templated":true}]}}