{"id":64218,"date":"2023-06-23T01:32:59","date_gmt":"2023-06-22T23:32:59","guid":{"rendered":"https:\/\/chmedica.ch\/prodotto\/neo-ecg-t180-tablette-ecg-avec-imprimante\/"},"modified":"2024-01-03T02:07:40","modified_gmt":"2024-01-03T01:07:40","slug":"neo-ecg-t180-tablette-ecg-avec-imprimante","status":"publish","type":"product","link":"https:\/\/chmedica.ch\/fr\/produit\/neo-ecg-t180-tablette-ecg-avec-imprimante\/","title":{"rendered":"NEO ECG T180 &#8211; TABLETTE ECG avec imprimante"},"content":{"rendered":"<p>D\u00e9rivations ECG: acquisition synchrone 9,12<br \/>\nR\u00e9solution A\/D: 24 bits<br \/>\nPlace fr\u00e9quence cardiaque: 30 bpm-300bpm \u00b1 1<br \/>\nSensibilit\u00e9: auto, 2,5, 5, 10, 20, 40 mm\/mV, erreur inf\u00e9rieur \u00e0 \u00b1 5%<br \/>\nVitesse : 5, 6,25, 10, 12,5, 25, 50 mm\/s, erreur inf\u00e9rieur \u00e0 \u00b1 3%<br \/>\nFr\u00e9quence \u00e9chantillonnage: 32000 \u00e9chantillons\/sec<br \/>\nFiltres: CA (50-60 Hz, off), EMG (25-35-45 Hz off) ADS (0,01-0,05-0,32-0,67 Hz)<br \/>\nFiltre passe-bas (75-100-150-300 Hz off)<br \/>\nR\u00e9ponse en fr\u00e9quence: 0,01-350 Hz (+ 0,4-3,0 db)<br \/>\nSignal minimum d\u00e9tectable: 20 \u00b5Vp-p<\/p>\n<p>Donn\u00e9es \u00e9lectriques:<br \/>\nBruit Interne: = 12,5 \u00b5V<br \/>\nImp\u00e9dance d\u2019entr\u00e9e: = 100 MO (10 Hz)<br \/>\nCourant du circuit d\u2019entr\u00e9e: = 10 nA<br \/>\nTension d\u2019\u00e9talonnage: 1mV \u00b1 2 %<br \/>\nTension de d\u00e9polarisation: \u00b1 900 mV, \u00b1 5 %<br \/>\nR\u00e9jection de mode commun: = 140 dB (filtre CA on) = 120 dB (filtre CA off)<\/p>\n<p>Quantification d\u2019amplitude: 0,95 \u00b5V\/LSB<br \/>\nR\u00e9cuperation apr\u00e8s d\u00e9charge: &lt; 10 s<br \/>\n\u00c9cran: 10,1&quot;<br \/>\nDimensions &#8211; poids: 27,4&#215;28,8xh 11,1 cm &#8211; 2,5 kg<\/p>\n","protected":false},"excerpt":{"rendered":"<p>D\u00e9rivations ECG: acquisition synchrone 9,12 R\u00e9solution A\/D: 24 bits Place fr\u00e9quence cardiaque: 30 bpm-300bpm \u00b1 1 Sensibilit\u00e9: auto, 2,5, 5, 10, 20, 40 mm\/mV, erreur inf\u00e9rieur \u00e0 \u00b1 5% Vitesse : 5, 6,25, 10, 12,5, 25, 50 mm\/s, erreur inf\u00e9rieur \u00e0 \u00b1 3% Fr\u00e9quence \u00e9chantillonnage: 32000 \u00e9chantillons\/sec Filtres: CA (50-60 Hz, off), EMG (25-35-45 Hz [&hellip;]<\/p>\n","protected":false},"featured_media":64203,"template":"","meta":{"_acf_changed":false},"product_brand":[],"product_cat":[818,1586],"product_tag":[],"class_list":{"0":"post-64218","1":"product","2":"type-product","3":"status-publish","4":"has-post-thumbnail","6":"product_cat-ecg-et-holter-ecg","7":"product_cat-electrocardiographes-3-6-12-canaux","9":"first","10":"onbackorder","11":"taxable","12":"shipping-taxable","13":"purchasable","14":"product-type-simple"},"acf":{"fornitore":"GIMA","standard_accessori":"1 c\u00e2ble ECG (IEC, \u00d8 4 mm, connecteur banane)\n6 \u00e9lectrodes d\u2019aspiration pr\u00e9cordiales adultes (\u00d8 4 mm)\n4 \u00e9lectrodes pinces pour membres adultes\n1 rouleau de papier thermique - 20mx216 mm\n1 batterie au lithium rechargeable\n1 adaptateur d\u2019alimentation\nMode d\u2019emploi multilingue: GB, IT, sur demande FR, ES, PT, DE, GR, PL","unita_misura":"1 pz."},"_links":{"self":[{"href":"https:\/\/chmedica.ch\/fr\/wp-json\/wp\/v2\/product\/64218","targetHints":{"allow":["GET"]}}],"collection":[{"href":"https:\/\/chmedica.ch\/fr\/wp-json\/wp\/v2\/product"}],"about":[{"href":"https:\/\/chmedica.ch\/fr\/wp-json\/wp\/v2\/types\/product"}],"wp:featuredmedia":[{"embeddable":true,"href":"https:\/\/chmedica.ch\/fr\/wp-json\/wp\/v2\/media\/64203"}],"wp:attachment":[{"href":"https:\/\/chmedica.ch\/fr\/wp-json\/wp\/v2\/media?parent=64218"}],"wp:term":[{"taxonomy":"product_brand","embeddable":true,"href":"https:\/\/chmedica.ch\/fr\/wp-json\/wp\/v2\/product_brand?post=64218"},{"taxonomy":"product_cat","embeddable":true,"href":"https:\/\/chmedica.ch\/fr\/wp-json\/wp\/v2\/product_cat?post=64218"},{"taxonomy":"product_tag","embeddable":true,"href":"https:\/\/chmedica.ch\/fr\/wp-json\/wp\/v2\/product_tag?post=64218"}],"curies":[{"name":"wp","href":"https:\/\/api.w.org\/{rel}","templated":true}]}}