{"id":64142,"date":"2023-06-23T01:30:55","date_gmt":"2023-06-22T23:30:55","guid":{"rendered":"https:\/\/chmedica.ch\/prodotto\/fauteuil-roulant-essex-46-cm\/"},"modified":"2024-01-03T00:34:35","modified_gmt":"2024-01-02T23:34:35","slug":"fauteuil-roulant-essex-46-cm","status":"publish","type":"product","link":"https:\/\/chmedica.ch\/fr\/produit\/fauteuil-roulant-essex-46-cm\/","title":{"rendered":"FAUTEUIL ROULANT ESSEX &#8211; 46 cm"},"content":{"rendered":"<p>\u2022 Largeur totale: 61 cm<br \/>\n\u2022 Largeur fauteuil roulant pli\u00e9: 25 cm<br \/>\n\u2022 Largeur d&rsquo;assise: 43 cm<br \/>\n\u2022 Diam\u00e8tre de la roue arri\u00e8re: 30,5 cm<br \/>\n\u2022 Diam\u00e8tre de la roue avant: 20 cm<br \/>\n\u2022 Hauteur d&rsquo;assise: 50 cm<br \/>\n\u2022 Hauteur total de la fauteuil roulant: 91 cm<br \/>\n\u2022 Longueur totale: 96 cm<br \/>\n\u2022 Profondeur d&rsquo;assise: 40 cm<br \/>\n\u2022 Hauteur du dossier: 41 cm<br \/>\n\u2022 Charge max.: 110 kg<br \/>\n\u2022 Dimensions du kit: 76 x 25 x 93 cm<br \/>\n\u2022 Poids net: 16 Kg<br \/>\n\u2022 Poids brut: 18 Kg<\/p>\n","protected":false},"excerpt":{"rendered":"<p>FAUTEUIL ROULANT ESSEX &#8211; 46 cm &#8211; tissu noir<\/p>\n<p>&#8211; ch\u00e2ssis en acier rev\u00eatu de poudre bleue<br \/>\n&#8211; roues arri\u00e8re pleines en PU \u00d8 30,5 cm (12&Prime;)<br \/>\n&#8211; roues avant pleines en PU \u00d8 20 cm (8&Prime;)<br \/>\n&#8211; freins de blocage sur les roues arri\u00e8re<br \/>\n&#8211; fourche avant en acier poudr\u00e9<br \/>\n&#8211; accoudoirs rembourr\u00e9s relevables<br \/>\n&#8211; repose-pieds en aluminium d\u00e9tachables avec 6 clips \u00e0 hauteur r\u00e9glable, plateau relevable, sangles pour talons<br \/>\n&#8211; assise et dossier en nylon noir<br \/>\n&#8211; Mode d&#8217;emploi: GB, FR, IT, ES.<\/p>\n","protected":false},"featured_media":0,"template":"","meta":{"_acf_changed":false},"product_brand":[],"product_cat":[1340,850],"product_tag":[],"class_list":{"0":"post-64142","1":"product","2":"type-product","3":"status-publish","5":"product_cat-chaises-roulantes","6":"product_cat-chaises-roulantes-confortable","8":"first","9":"onbackorder","10":"taxable","11":"shipping-taxable","12":"purchasable","13":"product-type-simple"},"acf":{"fornitore":"GIMA","standard_accessori":"","unita_misura":"1 pz."},"_links":{"self":[{"href":"https:\/\/chmedica.ch\/fr\/wp-json\/wp\/v2\/product\/64142","targetHints":{"allow":["GET"]}}],"collection":[{"href":"https:\/\/chmedica.ch\/fr\/wp-json\/wp\/v2\/product"}],"about":[{"href":"https:\/\/chmedica.ch\/fr\/wp-json\/wp\/v2\/types\/product"}],"wp:attachment":[{"href":"https:\/\/chmedica.ch\/fr\/wp-json\/wp\/v2\/media?parent=64142"}],"wp:term":[{"taxonomy":"product_brand","embeddable":true,"href":"https:\/\/chmedica.ch\/fr\/wp-json\/wp\/v2\/product_brand?post=64142"},{"taxonomy":"product_cat","embeddable":true,"href":"https:\/\/chmedica.ch\/fr\/wp-json\/wp\/v2\/product_cat?post=64142"},{"taxonomy":"product_tag","embeddable":true,"href":"https:\/\/chmedica.ch\/fr\/wp-json\/wp\/v2\/product_tag?post=64142"}],"curies":[{"name":"wp","href":"https:\/\/api.w.org\/{rel}","templated":true}]}}