{"id":64097,"date":"2023-06-23T01:30:28","date_gmt":"2023-06-22T23:30:28","guid":{"rendered":"https:\/\/chmedica.ch\/prodotto\/fauteuil-roulant-oxford-51-cm\/"},"modified":"2024-01-03T00:34:57","modified_gmt":"2024-01-02T23:34:57","slug":"fauteuil-roulant-oxford-51-cm","status":"publish","type":"product","link":"https:\/\/chmedica.ch\/fr\/produit\/fauteuil-roulant-oxford-51-cm\/","title":{"rendered":"FAUTEUIL ROULANT OXFORD &#8211; 51 cm"},"content":{"rendered":"<p>\u2022 Largeur totale: 68 cm<br \/>\n\u2022 Largeur fauteuil roulant pli\u00e9: 26,5 cm<br \/>\n\u2022 Largeur d&rsquo;assise: 51 cm<br \/>\n\u2022 Diam\u00e8tre de la roue arri\u00e8re: 61 cm<br \/>\n\u2022 Diam\u00e8tre de la roue avant: 20 cm<br \/>\n\u2022 Hauteur d&rsquo;assise: 50 cm<br \/>\n\u2022 Hauteur total de la fauteuil roulant: 91 cm<br \/>\n\u2022 Longueur totale: 103 cm<br \/>\n\u2022 Profondeur d&rsquo;assise: 40 cm<br \/>\n\u2022 Hauteur du dossier: 44 cm<br \/>\n\u2022 Charge max.: 120 kg<br \/>\n\u2022 Dimensions du kit: 82 x 27 x 93 cm<br \/>\n\u2022 Poids net: 18 kg<br \/>\n\u2022 Poids brut: 20 Kg<\/p>\n","protected":false},"excerpt":{"rendered":"<p>FAUTEUIL ROULANT OXFORD &#8211; 51 cm &#8211; tissu noir<\/p>\n<p>&#8211; ch\u00e2ssis en acier rev\u00eatu de poudre bleue<br \/>\n&#8211; roues arri\u00e8re pneumatiques \u00d8 61 cm (24&Prime;) main courante en acier chrom\u00e9 et axes \u00e0 d\u00e9montage rapide<br \/>\n&#8211; roues avant en PU solide \u00d8 20 cm (8&Prime;)<br \/>\n&#8211; fourche avant en acier poudr\u00e9<br \/>\n&#8211; mode d&#8217;emploi: GB, FR, IT, ES<br \/>\n&#8211; accoudoirs rembourr\u00e9s relevables<br \/>\n&#8211; freins de blocage sur les roues arri\u00e8re<br \/>\n&#8211; assise et dossier en nylon noir<br \/>\n&#8211; repose-pieds d\u00e9tachables, plateau relevable, sangle pour talon<\/p>\n","protected":false},"featured_media":64067,"template":"","meta":{"_acf_changed":false},"product_brand":[],"product_cat":[1340,850],"product_tag":[],"class_list":{"0":"post-64097","1":"product","2":"type-product","3":"status-publish","4":"has-post-thumbnail","6":"product_cat-chaises-roulantes","7":"product_cat-chaises-roulantes-confortable","9":"first","10":"onbackorder","11":"taxable","12":"shipping-taxable","13":"purchasable","14":"product-type-simple"},"acf":{"fornitore":"GIMA","standard_accessori":"","unita_misura":"1 pz."},"_links":{"self":[{"href":"https:\/\/chmedica.ch\/fr\/wp-json\/wp\/v2\/product\/64097","targetHints":{"allow":["GET"]}}],"collection":[{"href":"https:\/\/chmedica.ch\/fr\/wp-json\/wp\/v2\/product"}],"about":[{"href":"https:\/\/chmedica.ch\/fr\/wp-json\/wp\/v2\/types\/product"}],"wp:featuredmedia":[{"embeddable":true,"href":"https:\/\/chmedica.ch\/fr\/wp-json\/wp\/v2\/media\/64067"}],"wp:attachment":[{"href":"https:\/\/chmedica.ch\/fr\/wp-json\/wp\/v2\/media?parent=64097"}],"wp:term":[{"taxonomy":"product_brand","embeddable":true,"href":"https:\/\/chmedica.ch\/fr\/wp-json\/wp\/v2\/product_brand?post=64097"},{"taxonomy":"product_cat","embeddable":true,"href":"https:\/\/chmedica.ch\/fr\/wp-json\/wp\/v2\/product_cat?post=64097"},{"taxonomy":"product_tag","embeddable":true,"href":"https:\/\/chmedica.ch\/fr\/wp-json\/wp\/v2\/product_tag?post=64097"}],"curies":[{"name":"wp","href":"https:\/\/api.w.org\/{rel}","templated":true}]}}