{"id":63599,"date":"2023-06-23T01:27:07","date_gmt":"2023-06-22T23:27:07","guid":{"rendered":"https:\/\/chmedica.ch\/prodotto\/chaise-de-massage-pliante\/"},"modified":"2024-01-03T00:37:25","modified_gmt":"2024-01-02T23:37:25","slug":"chaise-de-massage-pliante","status":"publish","type":"product","link":"https:\/\/chmedica.ch\/fr\/produit\/chaise-de-massage-pliante\/","title":{"rendered":"CHAISE DE MASSAGE PLIANTE"},"content":{"rendered":"<p>\u2022 Emballage: 106 x 27 x h 50 cm<br \/>\n\u2022 Poids net\/brut: 7\/13 kg<br \/>\n\u2022 Charge maximale: 120 kg<\/p>\n","protected":false},"excerpt":{"rendered":"<p>Chaise de massage pliante id\u00e9ale pour la physioth\u00e9rapie et les centres de bien-\u00eatre.<\/p>\n<p>Fabriqu\u00e9e en PVC avec rembourrage de 5-6 cm d\u2019\u00e9paisseur.<br \/>\nStructure en m\u00e9tal.<\/p>\n","protected":false},"featured_media":63587,"template":"","meta":{"_acf_changed":false},"product_brand":[],"product_cat":[984,778],"product_tag":[],"class_list":{"0":"post-63599","1":"product","2":"type-product","3":"status-publish","4":"has-post-thumbnail","6":"product_cat-lits-pliants","7":"product_cat-tables-dexamen-et-marchepieds","9":"first","10":"onbackorder","11":"taxable","12":"shipping-taxable","13":"purchasable","14":"product-type-simple"},"acf":{"fornitore":"GIMA","standard_accessori":"","unita_misura":"1 pz."},"_links":{"self":[{"href":"https:\/\/chmedica.ch\/fr\/wp-json\/wp\/v2\/product\/63599","targetHints":{"allow":["GET"]}}],"collection":[{"href":"https:\/\/chmedica.ch\/fr\/wp-json\/wp\/v2\/product"}],"about":[{"href":"https:\/\/chmedica.ch\/fr\/wp-json\/wp\/v2\/types\/product"}],"wp:featuredmedia":[{"embeddable":true,"href":"https:\/\/chmedica.ch\/fr\/wp-json\/wp\/v2\/media\/63587"}],"wp:attachment":[{"href":"https:\/\/chmedica.ch\/fr\/wp-json\/wp\/v2\/media?parent=63599"}],"wp:term":[{"taxonomy":"product_brand","embeddable":true,"href":"https:\/\/chmedica.ch\/fr\/wp-json\/wp\/v2\/product_brand?post=63599"},{"taxonomy":"product_cat","embeddable":true,"href":"https:\/\/chmedica.ch\/fr\/wp-json\/wp\/v2\/product_cat?post=63599"},{"taxonomy":"product_tag","embeddable":true,"href":"https:\/\/chmedica.ch\/fr\/wp-json\/wp\/v2\/product_tag?post=63599"}],"curies":[{"name":"wp","href":"https:\/\/api.w.org\/{rel}","templated":true}]}}