{"id":62962,"date":"2023-06-23T01:22:01","date_gmt":"2023-06-22T23:22:01","guid":{"rendered":"https:\/\/chmedica.ch\/prodotto\/chaise-cuneo-sans-accoudoirs-tissu-bleue\/"},"modified":"2024-01-03T00:42:06","modified_gmt":"2024-01-02T23:42:06","slug":"chaise-cuneo-sans-accoudoirs-tissu-bleue","status":"publish","type":"product","link":"https:\/\/chmedica.ch\/fr\/produit\/chaise-cuneo-sans-accoudoirs-tissu-bleue\/","title":{"rendered":"CHAISE CUNEO sans accoudoirs &#8211; tissu &#8211; bleue"},"content":{"rendered":"<p>\u2022 Poids: 12 Kg<br \/>\n\u2022 Hauteur dossier: 98\/111 m<br \/>\n\u2022 Hauteur assise: 42\/52 cm<br \/>\n\u2022 Largeur: 56 cm<br \/>\n\u2022 Profondeur: 49 cm<br \/>\n\u2022 Charge maximum: 110 kg<\/p>\n","protected":false},"excerpt":{"rendered":"<p>Chaise de bureau, capitonn\u00e9e, sans accoudoirs, base pivotante en polypropyl\u00e8ne et dossier mobile \u00e0 contact permanent. <\/p>\n<p>&#8211; Tissu<br \/>\n&#8211; Bleu<\/p>\n","protected":false},"featured_media":62956,"template":"","meta":{"_acf_changed":false},"product_brand":[],"product_cat":[1382,862],"product_tag":[],"class_list":{"0":"post-62962","1":"product","2":"type-product","3":"status-publish","4":"has-post-thumbnail","6":"product_cat-chaises","7":"product_cat-chaises-a-tabouret","9":"first","10":"onbackorder","11":"taxable","12":"shipping-taxable","13":"purchasable","14":"product-type-simple"},"acf":{"fornitore":"GIMA","standard_accessori":"","unita_misura":"1 pz."},"_links":{"self":[{"href":"https:\/\/chmedica.ch\/fr\/wp-json\/wp\/v2\/product\/62962","targetHints":{"allow":["GET"]}}],"collection":[{"href":"https:\/\/chmedica.ch\/fr\/wp-json\/wp\/v2\/product"}],"about":[{"href":"https:\/\/chmedica.ch\/fr\/wp-json\/wp\/v2\/types\/product"}],"wp:featuredmedia":[{"embeddable":true,"href":"https:\/\/chmedica.ch\/fr\/wp-json\/wp\/v2\/media\/62956"}],"wp:attachment":[{"href":"https:\/\/chmedica.ch\/fr\/wp-json\/wp\/v2\/media?parent=62962"}],"wp:term":[{"taxonomy":"product_brand","embeddable":true,"href":"https:\/\/chmedica.ch\/fr\/wp-json\/wp\/v2\/product_brand?post=62962"},{"taxonomy":"product_cat","embeddable":true,"href":"https:\/\/chmedica.ch\/fr\/wp-json\/wp\/v2\/product_cat?post=62962"},{"taxonomy":"product_tag","embeddable":true,"href":"https:\/\/chmedica.ch\/fr\/wp-json\/wp\/v2\/product_tag?post=62962"}],"curies":[{"name":"wp","href":"https:\/\/api.w.org\/{rel}","templated":true}]}}