{"id":62860,"date":"2023-06-23T01:21:09","date_gmt":"2023-06-22T23:21:09","guid":{"rendered":"https:\/\/chmedica.ch\/prodotto\/chaise-cremona-tissu-rouge\/"},"modified":"2024-01-03T00:42:48","modified_gmt":"2024-01-02T23:42:48","slug":"chaise-cremona-tissu-rouge","status":"publish","type":"product","link":"https:\/\/chmedica.ch\/fr\/produit\/chaise-cremona-tissu-rouge\/","title":{"rendered":"CHAISE CREMONA &#8211; tissu &#8211; rouge"},"content":{"rendered":"<p>\u2022 Poids: 12 kg<br \/>\n\u2022 Hauteur du dossier: 90\/107 cm<br \/>\n\u2022 Hauteur assise: 45\/52 cm<br \/>\n\u2022 Largeur: 58 cm<br \/>\n\u2022 Profondeur: 44 cm<\/p>\n","protected":false},"excerpt":{"rendered":"<p>Chaise de qualit\u00e9 sup\u00e9rieure, tissu soign\u00e9, assise et dossier capitonn\u00e9s pour un confort optimal, base pivotante, accoudoirs, dossier mobile \u00e0 contact permanent. Mousse \u00e9paisse de haute densit\u00e9. ENI 1335\/1\/2\/3.<br \/>\nCharge maximale: 110 kg.<\/p>\n<p>&#8211; Tissu<br \/>\n&#8211; Rouge<\/p>\n","protected":false},"featured_media":62854,"template":"","meta":{"_acf_changed":false},"product_brand":[],"product_cat":[1382,862],"product_tag":[],"class_list":{"0":"post-62860","1":"product","2":"type-product","3":"status-publish","4":"has-post-thumbnail","6":"product_cat-chaises","7":"product_cat-chaises-a-tabouret","9":"first","10":"onbackorder","11":"taxable","12":"shipping-taxable","13":"purchasable","14":"product-type-simple"},"acf":{"fornitore":"GIMA","standard_accessori":"","unita_misura":"1 pz."},"_links":{"self":[{"href":"https:\/\/chmedica.ch\/fr\/wp-json\/wp\/v2\/product\/62860","targetHints":{"allow":["GET"]}}],"collection":[{"href":"https:\/\/chmedica.ch\/fr\/wp-json\/wp\/v2\/product"}],"about":[{"href":"https:\/\/chmedica.ch\/fr\/wp-json\/wp\/v2\/types\/product"}],"wp:featuredmedia":[{"embeddable":true,"href":"https:\/\/chmedica.ch\/fr\/wp-json\/wp\/v2\/media\/62854"}],"wp:attachment":[{"href":"https:\/\/chmedica.ch\/fr\/wp-json\/wp\/v2\/media?parent=62860"}],"wp:term":[{"taxonomy":"product_brand","embeddable":true,"href":"https:\/\/chmedica.ch\/fr\/wp-json\/wp\/v2\/product_brand?post=62860"},{"taxonomy":"product_cat","embeddable":true,"href":"https:\/\/chmedica.ch\/fr\/wp-json\/wp\/v2\/product_cat?post=62860"},{"taxonomy":"product_tag","embeddable":true,"href":"https:\/\/chmedica.ch\/fr\/wp-json\/wp\/v2\/product_tag?post=62860"}],"curies":[{"name":"wp","href":"https:\/\/api.w.org\/{rel}","templated":true}]}}