{"id":62833,"date":"2023-06-23T01:20:55","date_gmt":"2023-06-22T23:20:55","guid":{"rendered":"https:\/\/chmedica.ch\/prodotto\/chaise-varese-avec-accoudoirs-tissu-rouge\/"},"modified":"2024-01-03T00:42:59","modified_gmt":"2024-01-02T23:42:59","slug":"chaise-varese-avec-accoudoirs-tissu-rouge","status":"publish","type":"product","link":"https:\/\/chmedica.ch\/fr\/produit\/chaise-varese-avec-accoudoirs-tissu-rouge\/","title":{"rendered":"CHAISE VARESE avec accoudoirs &#8211; tissu &#8211; rouge"},"content":{"rendered":"<p>\u2022 Poids: 11.6 kg<br \/>\n\u2022 Hauteur dossier: 94\/112 cm<br \/>\n\u2022 Hauteur assise: 46\/59 cm<br \/>\n\u2022 Largeur: 60 cm<br \/>\n\u2022 Profondeur: 47 cm<\/p>\n","protected":false},"excerpt":{"rendered":"<p>Chaise de qualit\u00e9, capitonn\u00e9e avec dossier mobile \u00e0 contact permanent et base mobile.<br \/>\nCharge maximale: 110 kg.<\/p>\n<p>&#8211; Tissu<br \/>\n&#8211; Rouge<\/p>\n","protected":false},"featured_media":62827,"template":"","meta":{"_acf_changed":false},"product_brand":[],"product_cat":[1382,862],"product_tag":[],"class_list":{"0":"post-62833","1":"product","2":"type-product","3":"status-publish","4":"has-post-thumbnail","6":"product_cat-chaises","7":"product_cat-chaises-a-tabouret","9":"first","10":"onbackorder","11":"taxable","12":"shipping-taxable","13":"purchasable","14":"product-type-simple"},"acf":{"fornitore":"GIMA","standard_accessori":"","unita_misura":"1 pz."},"_links":{"self":[{"href":"https:\/\/chmedica.ch\/fr\/wp-json\/wp\/v2\/product\/62833","targetHints":{"allow":["GET"]}}],"collection":[{"href":"https:\/\/chmedica.ch\/fr\/wp-json\/wp\/v2\/product"}],"about":[{"href":"https:\/\/chmedica.ch\/fr\/wp-json\/wp\/v2\/types\/product"}],"wp:featuredmedia":[{"embeddable":true,"href":"https:\/\/chmedica.ch\/fr\/wp-json\/wp\/v2\/media\/62827"}],"wp:attachment":[{"href":"https:\/\/chmedica.ch\/fr\/wp-json\/wp\/v2\/media?parent=62833"}],"wp:term":[{"taxonomy":"product_brand","embeddable":true,"href":"https:\/\/chmedica.ch\/fr\/wp-json\/wp\/v2\/product_brand?post=62833"},{"taxonomy":"product_cat","embeddable":true,"href":"https:\/\/chmedica.ch\/fr\/wp-json\/wp\/v2\/product_cat?post=62833"},{"taxonomy":"product_tag","embeddable":true,"href":"https:\/\/chmedica.ch\/fr\/wp-json\/wp\/v2\/product_tag?post=62833"}],"curies":[{"name":"wp","href":"https:\/\/api.w.org\/{rel}","templated":true}]}}