{"id":62647,"date":"2023-06-23T01:19:09","date_gmt":"2023-06-22T23:19:09","guid":{"rendered":"https:\/\/chmedica.ch\/prodotto\/fauteuil-elevateur-arianna-1-moteur-bordeaux\/"},"modified":"2024-01-03T00:43:54","modified_gmt":"2024-01-02T23:43:54","slug":"fauteuil-elevateur-arianna-1-moteur-bordeaux","status":"publish","type":"product","link":"https:\/\/chmedica.ch\/fr\/produit\/fauteuil-elevateur-arianna-1-moteur-bordeaux\/","title":{"rendered":"FAUTEUIL \u00c9L\u00c9VATEUR ARIANNA 1 moteur &#8211; bordeaux"},"content":{"rendered":"<p>\u2022 Assise<br \/>\nLargeur: 49 cm<br \/>\nProfondeur: 49,5 cm<br \/>\nHauteur: 49 cm<\/p>\n<p>\u2022 Hauteur du dossier: 70 cm<\/p>\n<p>\u2022 Chaise<br \/>\nLargeur: 75 cm<br \/>\nLongueur (inclin\u00e9): 170,5 cm<\/p>\n<p>\u2022 Charge: 150 Kg (331 lbs)<\/p>\n","protected":false},"excerpt":{"rendered":"<p>FAUTEUILS \u00c9L\u00c9VATEURS ARIANNA \u00e0 1 moteur<br \/>\nFauteuil \u00e9l\u00e9vateur \u00e0 1 moteur: le dossier et le repose-jambes peuvent \u00eatre soulev\u00e9s ou inclin\u00e9s ensemble.<\/p>\n<p>\u2022 Couleur: bordeaux<br \/>\n\u2022 1 moteur<br \/>\n\u2022 Ignifuge: NON<br \/>\n\u2022 Repose-jambes: standard<\/p>\n<p>Fauteuils \u00e9l\u00e9vateurs avec syst\u00e8me de soul\u00e8vement \u00e9lectrique qui permet de soulever le fauteuil de sa base pour aider l\u2019utilisateur \u00e0 se mettre debout.<\/p>\n<p>Alimentation: 100-240 V &#8211; 50\/60 Hz.<\/p>\n<p>Mode d\u2019emploi multilingue: GB, FR, IT, ES.<\/p>\n","protected":false},"featured_media":62617,"template":"","meta":{"_acf_changed":false},"product_brand":[],"product_cat":[848,1832],"product_tag":[],"class_list":{"0":"post-62647","1":"product","2":"type-product","3":"status-publish","4":"has-post-thumbnail","6":"product_cat-aides-pour-personnes-handicapees","7":"product_cat-fauteuils","9":"first","10":"onbackorder","11":"taxable","12":"shipping-taxable","13":"purchasable","14":"product-type-simple"},"acf":{"fornitore":"GIMA","standard_accessori":"","unita_misura":"1 pz."},"_links":{"self":[{"href":"https:\/\/chmedica.ch\/fr\/wp-json\/wp\/v2\/product\/62647","targetHints":{"allow":["GET"]}}],"collection":[{"href":"https:\/\/chmedica.ch\/fr\/wp-json\/wp\/v2\/product"}],"about":[{"href":"https:\/\/chmedica.ch\/fr\/wp-json\/wp\/v2\/types\/product"}],"wp:featuredmedia":[{"embeddable":true,"href":"https:\/\/chmedica.ch\/fr\/wp-json\/wp\/v2\/media\/62617"}],"wp:attachment":[{"href":"https:\/\/chmedica.ch\/fr\/wp-json\/wp\/v2\/media?parent=62647"}],"wp:term":[{"taxonomy":"product_brand","embeddable":true,"href":"https:\/\/chmedica.ch\/fr\/wp-json\/wp\/v2\/product_brand?post=62647"},{"taxonomy":"product_cat","embeddable":true,"href":"https:\/\/chmedica.ch\/fr\/wp-json\/wp\/v2\/product_cat?post=62647"},{"taxonomy":"product_tag","embeddable":true,"href":"https:\/\/chmedica.ch\/fr\/wp-json\/wp\/v2\/product_tag?post=62647"}],"curies":[{"name":"wp","href":"https:\/\/api.w.org\/{rel}","templated":true}]}}