{"id":62536,"date":"2023-06-23T01:18:36","date_gmt":"2023-06-22T23:18:36","guid":{"rendered":"https:\/\/chmedica.ch\/prodotto\/fauteuil-elevateur-arianna-2-moteurs-ignifuge-bleu\/"},"modified":"2024-01-03T00:44:12","modified_gmt":"2024-01-02T23:44:12","slug":"fauteuil-elevateur-arianna-2-moteurs-ignifuge-bleu","status":"publish","type":"product","link":"https:\/\/chmedica.ch\/fr\/produit\/fauteuil-elevateur-arianna-2-moteurs-ignifuge-bleu\/","title":{"rendered":"FAUTEUIL \u00c9L\u00c9VATEUR ARIANNA 2 moteurs &#8211; ignifuge &#8211; bleu"},"content":{"rendered":"<p>\u2022 Assise<br \/>\nLargeur: 49 cm<br \/>\nProfondeur: 49,5 cm<br \/>\nHauteur: 49 cm<\/p>\n<p>\u2022 Hauteur du dossier: 70 cm<\/p>\n<p>\u2022 Chaise<br \/>\nLargeur: 75 cm<br \/>\nLongueur (inclin\u00e9): 170,5 cm<\/p>\n<p>\u2022 Charge: 150 Kg (331 lbs)<\/p>\n","protected":false},"excerpt":{"rendered":"<p>FAUTEUILS \u00c9L\u00c9VATEURS ARIANNA \u00e0 2 moteurs<br \/>\nFauteuil \u00e9l\u00e9vateur 2 moteurs avec repose-jambes soulevable standard\/extra: On peut obtenir une position compl\u00e8tement allong\u00e9e pour une exp\u00e9rience de repos total. Le dossier et le repose-jambes peuvent bouger ind\u00e9pendamment l\u2019un de l\u2019autre. Le repose-jambes extra permet un soul\u00e8vement de 8 cm par rapport \u00e0 la position plate.<\/p>\n<p>\u2022 Couleur: bleu<br \/>\n\u2022 2 moteurs<br \/>\n\u2022 Ignifuge: OUI<br \/>\n\u2022 Repose-jambes: extra<\/p>\n<p>Fauteuils \u00e9l\u00e9vateurs avec syst\u00e8me de soul\u00e8vement \u00e9lectrique qui permet de soulever le fauteuil de sa base pour aider l\u2019utilisateur \u00e0 se mettre debout.<\/p>\n<p>Alimentation: 100-240 V &#8211; 50\/60 Hz.<\/p>\n<p>Mode d\u2019emploi multilingue: GB, FR, IT, ES.<\/p>\n","protected":false},"featured_media":62506,"template":"","meta":{"_acf_changed":false},"product_brand":[],"product_cat":[848,1832],"product_tag":[],"class_list":{"0":"post-62536","1":"product","2":"type-product","3":"status-publish","4":"has-post-thumbnail","6":"product_cat-aides-pour-personnes-handicapees","7":"product_cat-fauteuils","9":"first","10":"onbackorder","11":"taxable","12":"shipping-taxable","13":"purchasable","14":"product-type-simple"},"acf":{"fornitore":"GIMA","standard_accessori":"","unita_misura":"1 pz."},"_links":{"self":[{"href":"https:\/\/chmedica.ch\/fr\/wp-json\/wp\/v2\/product\/62536","targetHints":{"allow":["GET"]}}],"collection":[{"href":"https:\/\/chmedica.ch\/fr\/wp-json\/wp\/v2\/product"}],"about":[{"href":"https:\/\/chmedica.ch\/fr\/wp-json\/wp\/v2\/types\/product"}],"wp:featuredmedia":[{"embeddable":true,"href":"https:\/\/chmedica.ch\/fr\/wp-json\/wp\/v2\/media\/62506"}],"wp:attachment":[{"href":"https:\/\/chmedica.ch\/fr\/wp-json\/wp\/v2\/media?parent=62536"}],"wp:term":[{"taxonomy":"product_brand","embeddable":true,"href":"https:\/\/chmedica.ch\/fr\/wp-json\/wp\/v2\/product_brand?post=62536"},{"taxonomy":"product_cat","embeddable":true,"href":"https:\/\/chmedica.ch\/fr\/wp-json\/wp\/v2\/product_cat?post=62536"},{"taxonomy":"product_tag","embeddable":true,"href":"https:\/\/chmedica.ch\/fr\/wp-json\/wp\/v2\/product_tag?post=62536"}],"curies":[{"name":"wp","href":"https:\/\/api.w.org\/{rel}","templated":true}]}}