{"id":62134,"date":"2023-06-23T01:15:35","date_gmt":"2023-06-22T23:15:35","guid":{"rendered":"https:\/\/chmedica.ch\/prodotto\/tabouret-ergo-noir\/"},"modified":"2024-01-03T00:46:23","modified_gmt":"2024-01-02T23:46:23","slug":"tabouret-ergo-noir","status":"publish","type":"product","link":"https:\/\/chmedica.ch\/fr\/produit\/tabouret-ergo-noir\/","title":{"rendered":"TABOURET ERGO &#8211; noir"},"content":{"rendered":"","protected":false},"excerpt":{"rendered":"<p>Tabouret ergonomique et confortable avec assise en forme de selle.<br \/>\nHauteur r\u00e9glable de 52 \u00e0 67 cm par v\u00e9rin \u00e0 gaz.<\/p>\n","protected":false},"featured_media":62128,"template":"","meta":{"_acf_changed":false},"product_brand":[],"product_cat":[862,1016],"product_tag":[],"class_list":{"0":"post-62134","1":"product","2":"type-product","3":"status-publish","4":"has-post-thumbnail","6":"product_cat-chaises-a-tabouret","7":"product_cat-tabourets","9":"first","10":"onbackorder","11":"taxable","12":"shipping-taxable","13":"purchasable","14":"product-type-simple"},"acf":{"fornitore":"GIMA","standard_accessori":"","unita_misura":"1 pz."},"_links":{"self":[{"href":"https:\/\/chmedica.ch\/fr\/wp-json\/wp\/v2\/product\/62134","targetHints":{"allow":["GET"]}}],"collection":[{"href":"https:\/\/chmedica.ch\/fr\/wp-json\/wp\/v2\/product"}],"about":[{"href":"https:\/\/chmedica.ch\/fr\/wp-json\/wp\/v2\/types\/product"}],"wp:featuredmedia":[{"embeddable":true,"href":"https:\/\/chmedica.ch\/fr\/wp-json\/wp\/v2\/media\/62128"}],"wp:attachment":[{"href":"https:\/\/chmedica.ch\/fr\/wp-json\/wp\/v2\/media?parent=62134"}],"wp:term":[{"taxonomy":"product_brand","embeddable":true,"href":"https:\/\/chmedica.ch\/fr\/wp-json\/wp\/v2\/product_brand?post=62134"},{"taxonomy":"product_cat","embeddable":true,"href":"https:\/\/chmedica.ch\/fr\/wp-json\/wp\/v2\/product_cat?post=62134"},{"taxonomy":"product_tag","embeddable":true,"href":"https:\/\/chmedica.ch\/fr\/wp-json\/wp\/v2\/product_tag?post=62134"}],"curies":[{"name":"wp","href":"https:\/\/api.w.org\/{rel}","templated":true}]}}