{"id":61657,"date":"2023-06-23T01:11:45","date_gmt":"2023-06-22T23:11:45","guid":{"rendered":"https:\/\/chmedica.ch\/prodotto\/rideaux-trevira-pour-chariot-court-175-x-h145-cm-bleus\/"},"modified":"2024-01-03T00:49:20","modified_gmt":"2024-01-02T23:49:20","slug":"rideaux-trevira-pour-chariot-court-175-x-h145-cm-bleus","status":"publish","type":"product","link":"https:\/\/chmedica.ch\/fr\/produit\/rideaux-trevira-pour-chariot-court-175-x-h145-cm-bleus\/","title":{"rendered":"RIDEAUX TR\u00c9VIRA pour chariot &#8211; court 175 x h145 cm &#8211; bleus"},"content":{"rendered":"","protected":false},"excerpt":{"rendered":"<p>Rideaux en Tr\u00e9vira\u00ae<\/p>\n<p>\u2022 Rideau pour chariots et fen\u00eatres (Bras\/Tringle, Chariot court)<br \/>\n\u2022 Dimensions: 175 x h 145 cm<br \/>\n\u2022 Couleur: bleu<\/p>\n<p>Rideaux ignifug\u00e9s (Classe 1), antiallergiques, antibact\u00e9riens, r\u00e9sistants \u00e0 l\u2019eau et \u00e0 l\u2019abrasion.<br \/>\nLa trame \u00e9paisse \u00e9vite l\u2019infiltration de poussi\u00e8re et augmente l\u2019intimit\u00e9, lavable jusqu\u2019\u00e0 60\u00b0C. <\/p>\n<p>Fabriqu\u00e9s en Italie.<\/p>\n","protected":false},"featured_media":0,"template":"","meta":{"_acf_changed":false},"product_brand":[],"product_cat":[1860,842],"product_tag":[],"class_list":{"0":"post-61657","1":"product","2":"type-product","3":"status-publish","5":"product_cat-paravent-1-ou-2-battants","6":"product_cat-paravents-et-rideaux","8":"first","9":"onbackorder","10":"taxable","11":"shipping-taxable","12":"purchasable","13":"product-type-simple"},"acf":{"fornitore":"GIMA","standard_accessori":"","unita_misura":"1 pz."},"_links":{"self":[{"href":"https:\/\/chmedica.ch\/fr\/wp-json\/wp\/v2\/product\/61657","targetHints":{"allow":["GET"]}}],"collection":[{"href":"https:\/\/chmedica.ch\/fr\/wp-json\/wp\/v2\/product"}],"about":[{"href":"https:\/\/chmedica.ch\/fr\/wp-json\/wp\/v2\/types\/product"}],"wp:attachment":[{"href":"https:\/\/chmedica.ch\/fr\/wp-json\/wp\/v2\/media?parent=61657"}],"wp:term":[{"taxonomy":"product_brand","embeddable":true,"href":"https:\/\/chmedica.ch\/fr\/wp-json\/wp\/v2\/product_brand?post=61657"},{"taxonomy":"product_cat","embeddable":true,"href":"https:\/\/chmedica.ch\/fr\/wp-json\/wp\/v2\/product_cat?post=61657"},{"taxonomy":"product_tag","embeddable":true,"href":"https:\/\/chmedica.ch\/fr\/wp-json\/wp\/v2\/product_tag?post=61657"}],"curies":[{"name":"wp","href":"https:\/\/api.w.org\/{rel}","templated":true}]}}