{"id":61585,"date":"2023-06-23T01:10:39","date_gmt":"2023-06-22T23:10:39","guid":{"rendered":"https:\/\/chmedica.ch\/prodotto\/rideaux-trevira-pour-paravent-beiges\/"},"modified":"2024-01-03T00:49:54","modified_gmt":"2024-01-02T23:49:54","slug":"rideaux-trevira-pour-paravent-beiges","status":"publish","type":"product","link":"https:\/\/chmedica.ch\/fr\/produit\/rideaux-trevira-pour-paravent-beiges\/","title":{"rendered":"RIDEAUX TR\u00c9VIRA pour paravent &#8211; beiges"},"content":{"rendered":"","protected":false},"excerpt":{"rendered":"<p>Rideaux en Tr\u00e9vira ignifug\u00e9s (classe I), antiallergiques, emp\u00eachant la prolif\u00e9ration bact\u00e9rienne, \u00e9tanches et r\u00e9sistants \u00e0 l\u2019abrasion. Trame \u00e9paisse pour \u00e9viter les infiltrations de poussi\u00e8re et prot\u00e9ger l\u2019intimit\u00e9, lavable jusqu\u2019\u00e0 60\u00b0C.<\/p>\n<p>\u2022 Dimensions: 45 x h 129 cm<br \/>\n\u2022 Couleur: beige<br \/>\n\u2022 3 ou 4 rideaux \u00e0 acheter selon la structure que vous choisissez<br \/>\n\u2022 Rideaux sur mesure disponibles sur demande<br \/>\n\u2022 Fabriqu\u00e9s en Italie<\/p>\n","protected":false},"featured_media":61579,"template":"","meta":{"_acf_changed":false},"product_brand":[],"product_cat":[1198,842],"product_tag":[],"class_list":{"0":"post-61585","1":"product","2":"type-product","3":"status-publish","4":"has-post-thumbnail","6":"product_cat-paravent-3-ou-4-battants","7":"product_cat-paravents-et-rideaux","9":"first","10":"onbackorder","11":"taxable","12":"shipping-taxable","13":"purchasable","14":"product-type-simple"},"acf":{"fornitore":"GIMA","standard_accessori":"","unita_misura":"1 pz."},"_links":{"self":[{"href":"https:\/\/chmedica.ch\/fr\/wp-json\/wp\/v2\/product\/61585","targetHints":{"allow":["GET"]}}],"collection":[{"href":"https:\/\/chmedica.ch\/fr\/wp-json\/wp\/v2\/product"}],"about":[{"href":"https:\/\/chmedica.ch\/fr\/wp-json\/wp\/v2\/types\/product"}],"wp:featuredmedia":[{"embeddable":true,"href":"https:\/\/chmedica.ch\/fr\/wp-json\/wp\/v2\/media\/61579"}],"wp:attachment":[{"href":"https:\/\/chmedica.ch\/fr\/wp-json\/wp\/v2\/media?parent=61585"}],"wp:term":[{"taxonomy":"product_brand","embeddable":true,"href":"https:\/\/chmedica.ch\/fr\/wp-json\/wp\/v2\/product_brand?post=61585"},{"taxonomy":"product_cat","embeddable":true,"href":"https:\/\/chmedica.ch\/fr\/wp-json\/wp\/v2\/product_cat?post=61585"},{"taxonomy":"product_tag","embeddable":true,"href":"https:\/\/chmedica.ch\/fr\/wp-json\/wp\/v2\/product_tag?post=61585"}],"curies":[{"name":"wp","href":"https:\/\/api.w.org\/{rel}","templated":true}]}}