{"id":58903,"date":"2023-06-23T00:52:57","date_gmt":"2023-06-22T22:52:57","guid":{"rendered":"https:\/\/chmedica.ch\/prodotto\/stethoscope-yton-tete-double-y-rouge\/"},"modified":"2024-01-03T01:04:51","modified_gmt":"2024-01-03T00:04:51","slug":"stethoscope-yton-tete-double-y-rouge","status":"publish","type":"product","link":"https:\/\/chmedica.ch\/fr\/produit\/stethoscope-yton-tete-double-y-rouge\/","title":{"rendered":"ST\u00c9THOSCOPE YTON T\u00caTE DOUBLE &#8211; Y rouge"},"content":{"rendered":"","protected":false},"excerpt":{"rendered":"<p>Pavillon \u00d8 45 mm, cloche \u00d8 30 mm, avec une bague de fixation en plastique assortie.<\/p>\n<p>Finition \u00abDuracote\u00bb.<br \/>\nSans Latex.<br \/>\nFournis dans une bo\u00eete en carton.<br \/>\nMode d&#8217;emploi et bo\u00eete en 11 langues: GB, FR, IT, DE, ES, PT, GR, PL, SE, HU, Arabe.<\/p>\n","protected":false},"featured_media":58879,"template":"","meta":{"_acf_changed":false},"product_brand":[],"product_cat":[808,1090],"product_tag":[],"class_list":{"0":"post-58903","1":"product","2":"type-product","3":"status-publish","4":"has-post-thumbnail","6":"product_cat-phonendoscopes-et-sphygmomanometres","7":"product_cat-phonendoscopes-pour-adultes","9":"first","10":"onbackorder","11":"taxable","12":"shipping-taxable","13":"purchasable","14":"product-type-simple"},"acf":{"fornitore":"GIMA","standard_accessori":"","unita_misura":"1 pz."},"_links":{"self":[{"href":"https:\/\/chmedica.ch\/fr\/wp-json\/wp\/v2\/product\/58903","targetHints":{"allow":["GET"]}}],"collection":[{"href":"https:\/\/chmedica.ch\/fr\/wp-json\/wp\/v2\/product"}],"about":[{"href":"https:\/\/chmedica.ch\/fr\/wp-json\/wp\/v2\/types\/product"}],"wp:featuredmedia":[{"embeddable":true,"href":"https:\/\/chmedica.ch\/fr\/wp-json\/wp\/v2\/media\/58879"}],"wp:attachment":[{"href":"https:\/\/chmedica.ch\/fr\/wp-json\/wp\/v2\/media?parent=58903"}],"wp:term":[{"taxonomy":"product_brand","embeddable":true,"href":"https:\/\/chmedica.ch\/fr\/wp-json\/wp\/v2\/product_brand?post=58903"},{"taxonomy":"product_cat","embeddable":true,"href":"https:\/\/chmedica.ch\/fr\/wp-json\/wp\/v2\/product_cat?post=58903"},{"taxonomy":"product_tag","embeddable":true,"href":"https:\/\/chmedica.ch\/fr\/wp-json\/wp\/v2\/product_tag?post=58903"}],"curies":[{"name":"wp","href":"https:\/\/api.w.org\/{rel}","templated":true}]}}