{"id":57829,"date":"2023-06-23T00:47:11","date_gmt":"2023-06-22T22:47:11","guid":{"rendered":"https:\/\/chmedica.ch\/prodotto\/stethoscope-de-couleur-trad-tete-double-rouge\/"},"modified":"2024-01-03T01:09:49","modified_gmt":"2024-01-03T00:09:49","slug":"stethoscope-de-couleur-trad-tete-double-rouge","status":"publish","type":"product","link":"https:\/\/chmedica.ch\/fr\/produit\/stethoscope-de-couleur-trad-tete-double-rouge\/","title":{"rendered":"ST\u00c9THOSCOPE DE COULEUR TRAD T\u00caTE DOUBLE &#8211; rouge"},"content":{"rendered":"","protected":false},"excerpt":{"rendered":"<p>ST\u00c9THOSCOPES DE COULEUR TRAD &#8211; SANS LATEX<\/p>\n<p>St\u00e9thoscopes de diff\u00e9rentes couleurs en aluminium, l\u00e9gers et fiables.<\/p>\n<p>Diaphragme du pavillon \u00d8 43,5 mm, cloche \u00d8 30 mm dimensions externes.<\/p>\n<p>Lyre en laiton.<\/p>\n<p>Tubulure longueur 62 cm, int. \u00d8 4 mm, ext. \u00d8 8 mm.<\/p>\n<p>Livr\u00e9s dans une bo\u00eete en carton.<br \/>\nBo\u00eete et mode d\u2019emploi en 11 langues: GB, FR, IT, ES, DE, PT, GR, PL, HU, SE, Arabe.<\/p>\n","protected":false},"featured_media":57805,"template":"","meta":{"_acf_changed":false},"product_brand":[],"product_cat":[1136,808],"product_tag":[],"class_list":{"0":"post-57829","1":"product","2":"type-product","3":"status-publish","4":"has-post-thumbnail","6":"product_cat-duophones-pour-adultes","7":"product_cat-phonendoscopes-et-sphygmomanometres","9":"first","10":"onbackorder","11":"taxable","12":"shipping-taxable","13":"purchasable","14":"product-type-simple"},"acf":{"fornitore":"GIMA","standard_accessori":"","unita_misura":"1 pz."},"_links":{"self":[{"href":"https:\/\/chmedica.ch\/fr\/wp-json\/wp\/v2\/product\/57829","targetHints":{"allow":["GET"]}}],"collection":[{"href":"https:\/\/chmedica.ch\/fr\/wp-json\/wp\/v2\/product"}],"about":[{"href":"https:\/\/chmedica.ch\/fr\/wp-json\/wp\/v2\/types\/product"}],"wp:featuredmedia":[{"embeddable":true,"href":"https:\/\/chmedica.ch\/fr\/wp-json\/wp\/v2\/media\/57805"}],"wp:attachment":[{"href":"https:\/\/chmedica.ch\/fr\/wp-json\/wp\/v2\/media?parent=57829"}],"wp:term":[{"taxonomy":"product_brand","embeddable":true,"href":"https:\/\/chmedica.ch\/fr\/wp-json\/wp\/v2\/product_brand?post=57829"},{"taxonomy":"product_cat","embeddable":true,"href":"https:\/\/chmedica.ch\/fr\/wp-json\/wp\/v2\/product_cat?post=57829"},{"taxonomy":"product_tag","embeddable":true,"href":"https:\/\/chmedica.ch\/fr\/wp-json\/wp\/v2\/product_tag?post=57829"}],"curies":[{"name":"wp","href":"https:\/\/api.w.org\/{rel}","templated":true}]}}