{"id":57766,"date":"2023-06-23T00:46:53","date_gmt":"2023-06-22T22:46:53","guid":{"rendered":"https:\/\/chmedica.ch\/prodotto\/stethoscope-riester-duplex-en-aluminium-adultes-gris-ardoise\/"},"modified":"2024-01-03T01:10:01","modified_gmt":"2024-01-03T00:10:01","slug":"stethoscope-riester-duplex-en-aluminium-adultes-gris-ardoise","status":"publish","type":"product","link":"https:\/\/chmedica.ch\/fr\/produit\/stethoscope-riester-duplex-en-aluminium-adultes-gris-ardoise\/","title":{"rendered":"ST\u00c9THOSCOPE RIESTER DUPLEX EN ALUMINIUM &#8211; adultes &#8211; gris ardoise"},"content":{"rendered":"","protected":false},"excerpt":{"rendered":"<p>St\u00e9thoscopes Riester DUPLEX\u00ae &#8211; pavillon en aluminium<\/p>\n<p>\u2022 Code Riester: 4001-02<br \/>\n\u2022 Duplex\u00ae &#8211; ardoise<br \/>\n\u2022 Membrane: \u00d8 48 mm<br \/>\n\u2022 Longueur: 77 cm<br \/>\n\u2022 Poids: 151 g<\/p>\n<p>Les st\u00e9thoscopes Riester DUPLEX\u00ae combinent excellente qualit\u00e9 et prix avantageux.<br \/>\n\u00f9Ils offrent une performance acoustique exceptionnelle pour les d\u00e9fis quotidiens dans les bureaux et dans les h\u00f4pitaux.<br \/>\nDouble pavillon en aluminium l\u00e9ger galvanis\u00e9.<br \/>\nMembrane sp\u00e9ciale pour une auscultation parfaite, avec des bagues anti-froid particulairement plates et souples pour mieux s&rsquo;adapter \u00e0 la peau.<\/p>\n<p>Cloche \u00d8 36 mm.<\/p>\n<p>Fournis avec une paire d&rsquo;olives de rechange et une membrane de rechange.<\/p>\n","protected":false},"featured_media":57760,"template":"","meta":{"_acf_changed":false},"product_brand":[],"product_cat":[808,1120],"product_tag":[],"class_list":{"0":"post-57766","1":"product","2":"type-product","3":"status-publish","4":"has-post-thumbnail","6":"product_cat-phonendoscopes-et-sphygmomanometres","7":"product_cat-stethoscopes-riester","9":"first","10":"onbackorder","11":"taxable","12":"shipping-taxable","13":"purchasable","14":"product-type-simple"},"acf":{"fornitore":"GIMA","standard_accessori":"","unita_misura":"1 pz."},"_links":{"self":[{"href":"https:\/\/chmedica.ch\/fr\/wp-json\/wp\/v2\/product\/57766","targetHints":{"allow":["GET"]}}],"collection":[{"href":"https:\/\/chmedica.ch\/fr\/wp-json\/wp\/v2\/product"}],"about":[{"href":"https:\/\/chmedica.ch\/fr\/wp-json\/wp\/v2\/types\/product"}],"wp:featuredmedia":[{"embeddable":true,"href":"https:\/\/chmedica.ch\/fr\/wp-json\/wp\/v2\/media\/57760"}],"wp:attachment":[{"href":"https:\/\/chmedica.ch\/fr\/wp-json\/wp\/v2\/media?parent=57766"}],"wp:term":[{"taxonomy":"product_brand","embeddable":true,"href":"https:\/\/chmedica.ch\/fr\/wp-json\/wp\/v2\/product_brand?post=57766"},{"taxonomy":"product_cat","embeddable":true,"href":"https:\/\/chmedica.ch\/fr\/wp-json\/wp\/v2\/product_cat?post=57766"},{"taxonomy":"product_tag","embeddable":true,"href":"https:\/\/chmedica.ch\/fr\/wp-json\/wp\/v2\/product_tag?post=57766"}],"curies":[{"name":"wp","href":"https:\/\/api.w.org\/{rel}","templated":true}]}}