{"id":57739,"date":"2023-06-23T00:46:36","date_gmt":"2023-06-22T22:46:36","guid":{"rendered":"https:\/\/chmedica.ch\/prodotto\/stethoscope-electronique-riester-ri-sonic-35-mm-fiche-stereo\/"},"modified":"2024-01-03T01:10:17","modified_gmt":"2024-01-03T00:10:17","slug":"stethoscope-electronique-riester-ri-sonic-35-mm-fiche-stereo","status":"publish","type":"product","link":"https:\/\/chmedica.ch\/fr\/produit\/stethoscope-electronique-riester-ri-sonic-35-mm-fiche-stereo\/","title":{"rendered":"ST\u00c9THOSCOPE \u00c9LECTRONIQUE RIESTER RI-SONIC &#8211; 3,5 mm fiche st\u00e9reo"},"content":{"rendered":"<p>Mode de fonctionnemment: continu<br \/>\nProtection \u00e9lectrique: Classe II protection contre les d\u00e9charges \u00e9lectriques<br \/>\nFiche: st\u00e9reo 3,5 mm<br \/>\nVoltage: Entr\u00e9e: 2 V &#8211; 5 V CC<br \/>\nClassification: partie appliqu\u00e9e de Type BF<br \/>\nPoids: 145 g<\/p>\n","protected":false},"excerpt":{"rendered":"<p>ST\u00c9THO \u00c9LECTRONIQUE RI-SONIC PCP-1 &#8211; FICHE ST\u00c9REO 3,5 mm<\/p>\n<p>Les st\u00e9thoscopes \u00e9lectroniques Riester Ri-sonic sont con\u00e7us pour permettre l&rsquo;auscultation moyennant la t\u00e9l\u00e9m\u00e9dicine, l&rsquo;ordinateur ou les appareils mobiles, en temps r\u00e9el, \u00e0 distance ou en partageant des fichiers enregistr\u00e9s.<\/p>\n<p>&#8211; le st\u00e9thoscope PCP-1 se branche directement dans tout type de dispositif mobile, PC ou tablette et utilise l&rsquo;Appli eMurmur<br \/>\n&#8211; la technologie pi\u00e9zo brevet\u00e9e d\u00e9tecte les sons corporels et r\u00e9duit au minimum les art\u00e9facts d&rsquo;arri\u00e8re-plan<br \/>\n&#8211; les patients peuvent facilement utiliser le st\u00e9thoscope sur eux-m\u00eames, sous la guidance d&rsquo;un m\u00e9decin<\/p>\n<p>Les st\u00e9thoscopes \u00e9lectroniques permettent au m\u00e9decin d&rsquo;\u00e9couter les sons \u00e0 l&rsquo;int\u00e9rieur du corps du patient, par example les bruits.<\/p>\n","protected":false},"featured_media":57715,"template":"","meta":{"_acf_changed":false},"product_brand":[],"product_cat":[808,1120],"product_tag":[],"class_list":{"0":"post-57739","1":"product","2":"type-product","3":"status-publish","4":"has-post-thumbnail","6":"product_cat-phonendoscopes-et-sphygmomanometres","7":"product_cat-stethoscopes-riester","9":"first","10":"onbackorder","11":"taxable","12":"shipping-taxable","13":"purchasable","14":"product-type-simple"},"acf":{"fornitore":"GIMA","standard_accessori":"","unita_misura":"1 pz."},"_links":{"self":[{"href":"https:\/\/chmedica.ch\/fr\/wp-json\/wp\/v2\/product\/57739","targetHints":{"allow":["GET"]}}],"collection":[{"href":"https:\/\/chmedica.ch\/fr\/wp-json\/wp\/v2\/product"}],"about":[{"href":"https:\/\/chmedica.ch\/fr\/wp-json\/wp\/v2\/types\/product"}],"wp:featuredmedia":[{"embeddable":true,"href":"https:\/\/chmedica.ch\/fr\/wp-json\/wp\/v2\/media\/57715"}],"wp:attachment":[{"href":"https:\/\/chmedica.ch\/fr\/wp-json\/wp\/v2\/media?parent=57739"}],"wp:term":[{"taxonomy":"product_brand","embeddable":true,"href":"https:\/\/chmedica.ch\/fr\/wp-json\/wp\/v2\/product_brand?post=57739"},{"taxonomy":"product_cat","embeddable":true,"href":"https:\/\/chmedica.ch\/fr\/wp-json\/wp\/v2\/product_cat?post=57739"},{"taxonomy":"product_tag","embeddable":true,"href":"https:\/\/chmedica.ch\/fr\/wp-json\/wp\/v2\/product_tag?post=57739"}],"curies":[{"name":"wp","href":"https:\/\/api.w.org\/{rel}","templated":true}]}}