{"id":56488,"date":"2023-06-23T00:38:30","date_gmt":"2023-06-22T22:38:30","guid":{"rendered":"https:\/\/chmedica.ch\/prodotto\/resusci-anne-laerdal-corps-entier-qcpr-171-01260\/"},"modified":"2024-01-03T01:19:22","modified_gmt":"2024-01-03T00:19:22","slug":"resusci-anne-laerdal-corps-entier-qcpr-171-01260","status":"publish","type":"product","link":"https:\/\/chmedica.ch\/fr\/produit\/resusci-anne-laerdal-corps-entier-qcpr-171-01260\/","title":{"rendered":"RESUSCI ANNE LAERDAL CORPS ENTIER QCPR &#8211; 171-01260"},"content":{"rendered":"","protected":false},"excerpt":{"rendered":"<p>LAERDAL RESUSCI ANNE QCPR CORPS ENTIER + MALLETTE \u00c0 ROULETTES &#8211; 171-01260<\/p>\n<p>Le mannequin Resusci Anne QCPR est r\u00e9alis\u00e9 avec une anatomie r\u00e9aliste et est totalement conforme aux recommandations.<br \/>\nIl est dot\u00e9 d&rsquo;options multiples de feedback offrant la possibilit\u00e9 de se concentrer sur les comp\u00e9tences des apprenants: l\u2019apprenant pourra exp\u00e9rimenter une r\u00e9sistance thoracique appropri\u00e9e, voir la poitrine se soulever pendant la ventilation, incliner la t\u00eate et basculer le menton pour garantir l&rsquo;ouverture des voies respiratoires. La technologie de l&rsquo;Appli de formation et v\u00e9rification de l&rsquo;apprentissage QCPR pour Android\/iPhone permet aux op\u00e9rateurs sanitaires d&rsquo;acqu\u00e9rir la comp\u00e9tence pour effectuer une RCP de qualit\u00e9, conforme aux recommandations les plus r\u00e9centes, en utilisant des dispositifs Bluetooth.<\/p>\n<p>Livr\u00e9 avec un corps entier avec un ressort de 45kg install\u00e9, deux ressorts (30kg et 60kg), lingettes, 3 masques de visage dans un sac de papier, 2 voies a\u00e9riennes (poumon standard), mallette \u00e0 roulettes, adaptateur d&rsquo;alimentation CA 2A, c\u00e2ble USB A-C pour la connexion avec l&rsquo;ordinateur en alternative au Bluetooth et pour charger la batterie (Li-ion, 2 cellules). Le SkillGuide est connect\u00e9 \u00e0 une \u00e9paule du mannequin seulement par un c\u00e2ble RC.<\/p>\n<p>Mode d&#8217;emploi (GB, FR, DE, ES, BR, NL, NO, SE, DK, FI, JP, KO, RU, PL).<\/p>\n","protected":false},"featured_media":56482,"template":"","meta":{"_acf_changed":false},"product_brand":[],"product_cat":[816,1388],"product_tag":[],"class_list":{"0":"post-56488","1":"product","2":"type-product","3":"status-publish","4":"has-post-thumbnail","6":"product_cat-enseignement","7":"product_cat-mannequins-dentrainement","9":"first","10":"onbackorder","11":"taxable","12":"shipping-taxable","13":"purchasable","14":"product-type-simple"},"acf":{"fornitore":"GIMA","standard_accessori":"","unita_misura":"1 pz."},"_links":{"self":[{"href":"https:\/\/chmedica.ch\/fr\/wp-json\/wp\/v2\/product\/56488","targetHints":{"allow":["GET"]}}],"collection":[{"href":"https:\/\/chmedica.ch\/fr\/wp-json\/wp\/v2\/product"}],"about":[{"href":"https:\/\/chmedica.ch\/fr\/wp-json\/wp\/v2\/types\/product"}],"wp:featuredmedia":[{"embeddable":true,"href":"https:\/\/chmedica.ch\/fr\/wp-json\/wp\/v2\/media\/56482"}],"wp:attachment":[{"href":"https:\/\/chmedica.ch\/fr\/wp-json\/wp\/v2\/media?parent=56488"}],"wp:term":[{"taxonomy":"product_brand","embeddable":true,"href":"https:\/\/chmedica.ch\/fr\/wp-json\/wp\/v2\/product_brand?post=56488"},{"taxonomy":"product_cat","embeddable":true,"href":"https:\/\/chmedica.ch\/fr\/wp-json\/wp\/v2\/product_cat?post=56488"},{"taxonomy":"product_tag","embeddable":true,"href":"https:\/\/chmedica.ch\/fr\/wp-json\/wp\/v2\/product_tag?post=56488"}],"curies":[{"name":"wp","href":"https:\/\/api.w.org\/{rel}","templated":true}]}}