{"id":54997,"date":"2023-06-23T00:26:27","date_gmt":"2023-06-22T22:26:27","guid":{"rendered":"https:\/\/chmedica.ch\/prodotto\/tampons-absorbants-10x20-cm-steriles\/"},"modified":"2024-01-03T01:26:47","modified_gmt":"2024-01-03T00:26:47","slug":"tampons-absorbants-10x20-cm-steriles","status":"publish","type":"product","link":"https:\/\/chmedica.ch\/fr\/produit\/tampons-absorbants-10x20-cm-steriles\/","title":{"rendered":"TAMPONS ABSORBANTS 10&#215;20 cm &#8211; st\u00e9riles"},"content":{"rendered":"","protected":false},"excerpt":{"rendered":"<p>COMPRESSES ABSORBANTES ST\u00c9RILES<\/p>\n<p>Id\u00e9ales dans les cas o\u00f9 une grande capacit\u00e9 d&rsquo;absorption est requise, comme les sutures et les plaies chroniques.<br \/>\nEn p\u00e2te de cellulose, polypropyl\u00e8ne blanc et bleu et papier de soie.<\/p>\n<p>Bo\u00eete multilingue: GB, FR, IT, ES, PT, DE, NL, SE.<\/p>\n","protected":false},"featured_media":54991,"template":"","meta":{"_acf_changed":false},"product_brand":[],"product_cat":[1570,914],"product_tag":[],"class_list":{"0":"post-54997","1":"product","2":"type-product","3":"status-publish","4":"has-post-thumbnail","6":"product_cat-gazes-tampons-et-compresses-en-coton-et-tnt","7":"product_cat-pansement-gaze-patchs","9":"first","10":"onbackorder","11":"taxable","12":"shipping-taxable","13":"purchasable","14":"product-type-simple"},"acf":{"fornitore":"GIMA","standard_accessori":"","unita_misura":"conf. 30 pz."},"_links":{"self":[{"href":"https:\/\/chmedica.ch\/fr\/wp-json\/wp\/v2\/product\/54997","targetHints":{"allow":["GET"]}}],"collection":[{"href":"https:\/\/chmedica.ch\/fr\/wp-json\/wp\/v2\/product"}],"about":[{"href":"https:\/\/chmedica.ch\/fr\/wp-json\/wp\/v2\/types\/product"}],"wp:featuredmedia":[{"embeddable":true,"href":"https:\/\/chmedica.ch\/fr\/wp-json\/wp\/v2\/media\/54991"}],"wp:attachment":[{"href":"https:\/\/chmedica.ch\/fr\/wp-json\/wp\/v2\/media?parent=54997"}],"wp:term":[{"taxonomy":"product_brand","embeddable":true,"href":"https:\/\/chmedica.ch\/fr\/wp-json\/wp\/v2\/product_brand?post=54997"},{"taxonomy":"product_cat","embeddable":true,"href":"https:\/\/chmedica.ch\/fr\/wp-json\/wp\/v2\/product_cat?post=54997"},{"taxonomy":"product_tag","embeddable":true,"href":"https:\/\/chmedica.ch\/fr\/wp-json\/wp\/v2\/product_tag?post=54997"}],"curies":[{"name":"wp","href":"https:\/\/api.w.org\/{rel}","templated":true}]}}