{"id":53353,"date":"2023-06-23T00:14:25","date_gmt":"2023-06-22T22:14:25","guid":{"rendered":"https:\/\/chmedica.ch\/prodotto\/balance-veterinaire-soehnle-6858\/"},"modified":"2024-01-03T01:36:32","modified_gmt":"2024-01-03T00:36:32","slug":"balance-veterinaire-soehnle-6858","status":"publish","type":"product","link":"https:\/\/chmedica.ch\/fr\/produit\/balance-veterinaire-soehnle-6858\/","title":{"rendered":"BALANCE VETERINAIRE SOEHNLE 6858"},"content":{"rendered":"<p>Capacit\u00e9: 200 kg<br \/>\nPr\u00e9cision: 50 g<br \/>\n\u00c9cran: LCD r\u00e9tro-\u00e9clair\u00e9, 25 mm<br \/>\nUnit\u00e9 de poids: kg, lb, oz, lb.oz<br \/>\nDimensions: plateau 900x600xh 40 mm &#8211; indicateur 215x100xh 70 mm<br \/>\nAlimentation: 4 batteries AA 1,5 V (non incluses) ou adaptateur CC 5V (inclus)<\/p>\n","protected":false},"excerpt":{"rendered":"<p>BALANCE V\u00c9T\u00c9RINAIRE SOEHNLE 6858<\/p>\n<p>Balance num\u00e9rique v\u00e9t\u00e9rinaire avec plateau grand et plat en acier inox.<br \/>\nCon\u00e7ue pour animaux de petites et moyennes dimensions.<br \/>\nRapide et facile \u00e0 utiliser.<br \/>\n\u00c9cran LCD facilement lisible, avec chiffres de 25 mm de haut et bo\u00eetier en aluminium.<br \/>\nFonction d&rsquo;arr\u00eat automatique.<br \/>\nFonction de bloc de la mesure et fonction de tare.<br \/>\nLivr\u00e9e avec tapis en caoutchouc et mode d&#8217;emploi multilingue: GB, FR, IT , DE.<br \/>\nMade in Germany.<\/p>\n","protected":false},"featured_media":53347,"template":"","meta":{"_acf_changed":false},"product_brand":[],"product_cat":[1144,792],"product_tag":[],"class_list":{"0":"post-53353","1":"product","2":"type-product","3":"status-publish","4":"has-post-thumbnail","6":"product_cat-balance-veterinaire","7":"product_cat-veterinaire","9":"first","10":"onbackorder","11":"taxable","12":"shipping-taxable","13":"purchasable","14":"product-type-simple"},"acf":{"fornitore":"GIMA","standard_accessori":"","unita_misura":"1 pz."},"_links":{"self":[{"href":"https:\/\/chmedica.ch\/fr\/wp-json\/wp\/v2\/product\/53353","targetHints":{"allow":["GET"]}}],"collection":[{"href":"https:\/\/chmedica.ch\/fr\/wp-json\/wp\/v2\/product"}],"about":[{"href":"https:\/\/chmedica.ch\/fr\/wp-json\/wp\/v2\/types\/product"}],"wp:featuredmedia":[{"embeddable":true,"href":"https:\/\/chmedica.ch\/fr\/wp-json\/wp\/v2\/media\/53347"}],"wp:attachment":[{"href":"https:\/\/chmedica.ch\/fr\/wp-json\/wp\/v2\/media?parent=53353"}],"wp:term":[{"taxonomy":"product_brand","embeddable":true,"href":"https:\/\/chmedica.ch\/fr\/wp-json\/wp\/v2\/product_brand?post=53353"},{"taxonomy":"product_cat","embeddable":true,"href":"https:\/\/chmedica.ch\/fr\/wp-json\/wp\/v2\/product_cat?post=53353"},{"taxonomy":"product_tag","embeddable":true,"href":"https:\/\/chmedica.ch\/fr\/wp-json\/wp\/v2\/product_tag?post=53353"}],"curies":[{"name":"wp","href":"https:\/\/api.w.org\/{rel}","templated":true}]}}