{"id":53314,"date":"2023-06-23T00:14:03","date_gmt":"2023-06-22T22:14:03","guid":{"rendered":"https:\/\/chmedica.ch\/prodotto\/thermometre-veterinaire-sans-contact-visiofocus-avec-bluetooth\/"},"modified":"2024-01-03T01:36:53","modified_gmt":"2024-01-03T00:36:53","slug":"thermometre-veterinaire-sans-contact-visiofocus-avec-bluetooth","status":"publish","type":"product","link":"https:\/\/chmedica.ch\/fr\/produit\/thermometre-veterinaire-sans-contact-visiofocus-avec-bluetooth\/","title":{"rendered":"THERMOM\u00c8TRE V\u00c9T\u00c9RINAIRE SANS CONTACT VISIOFOCUS avec Bluetooth"},"content":{"rendered":"<p>Plage de mesure corps: 32-43,5\u00b0C (89,6-110,3\u00b0F)<br \/>\nPlage de mesure g\u00e9n\u00e9rale: 1-80\u00b0C (33,8-176 \u00b0F)<br \/>\nR\u00e9solution (corps &#8211; g\u00e9n\u00e9rale): 0,1\u00b0C (0,1\u00b0F)<br \/>\nDimensions: 144&#215;43,5&#215;21,5 mm (5,66&#215;1,71&#215;0,85&Prime;) avec capuchon<br \/>\nBatterie: 4 AAA &#8211; LR03<br \/>\nDur\u00e9e de vie de la batterie: 3 ans ou 30 000 mesures<br \/>\nTemps de mesure: imm\u00e9diat<br \/>\nDistance de l&rsquo;animal (calcul\u00e9e par un syst\u00e8me de vis\u00e9e optique): environ 6 cm (2,4&Prime;)<\/p>\n","protected":false},"excerpt":{"rendered":"<p>VISIOFOCUS\u00ae VET &#8211; Bluetooth<\/p>\n<p>VisioFocus Vet peut mesurer la temp\u00e9rature du corps de animaux \u00e0 distance, sans contact et de mani\u00e8re non invasive, gr\u00e2ce \u00e0 un syst\u00e8me optionnel indiquant la distance correcte.<br \/>\nLa temp\u00e9rature est mesur\u00e9e dans l&rsquo;oeil de l&rsquo;animal, mais peut aussi \u00eatre mesur\u00e9e dans d&rsquo;autres r\u00e9gions (rectum, pavillon auriculaire ou gencives).<br \/>\nCapuchon de protection incorpor\u00e9 pour \u00e9viter l&rsquo;entr\u00e9e de poussi\u00e8re et salet\u00e9.<br \/>\nAdaptation automatique \u00e0 l&rsquo;environnement: le logiciel applique automatiquement un facteur de correction selon les conditions environnementales, si le thermom\u00e8tre demeure au moins 5 minutes dans une pi\u00e8ce. En alternative, la calibration manuelle (Manual Quick Calibration System, MQCS) ne demande que 3 secondes.<\/p>\n<p>Adapt\u00e9 pour tous les animaux.<br \/>\nMultifonctionnel: mesure la temp\u00e9rature des objects, des aliments, des liquides ou d&rsquo;autres surfaces.<br \/>\nSyst\u00e8me Bluetooth pour la connexon avec le smartphone: l&rsquo;Appli VisioFocus Vet permet de s\u00e9lectioner facilement l&rsquo;animal appropri\u00e9 et enregistrer un grand nombre de donn\u00e9es.<br \/>\nLivr\u00e9 avec 4 batteries AAA.<\/p>\n","protected":false},"featured_media":53296,"template":"","meta":{"_acf_changed":false},"product_brand":[],"product_cat":[922,1794],"product_tag":[],"class_list":{"0":"post-53314","1":"product","2":"type-product","3":"status-publish","4":"has-post-thumbnail","6":"product_cat-diagnostic-veterinaire","7":"product_cat-thermometres-fr-diagnostica-veterinaria","9":"first","10":"onbackorder","11":"taxable","12":"shipping-taxable","13":"purchasable","14":"product-type-simple"},"acf":{"fornitore":"GIMA","standard_accessori":"","unita_misura":"1 pz."},"_links":{"self":[{"href":"https:\/\/chmedica.ch\/fr\/wp-json\/wp\/v2\/product\/53314","targetHints":{"allow":["GET"]}}],"collection":[{"href":"https:\/\/chmedica.ch\/fr\/wp-json\/wp\/v2\/product"}],"about":[{"href":"https:\/\/chmedica.ch\/fr\/wp-json\/wp\/v2\/types\/product"}],"wp:featuredmedia":[{"embeddable":true,"href":"https:\/\/chmedica.ch\/fr\/wp-json\/wp\/v2\/media\/53296"}],"wp:attachment":[{"href":"https:\/\/chmedica.ch\/fr\/wp-json\/wp\/v2\/media?parent=53314"}],"wp:term":[{"taxonomy":"product_brand","embeddable":true,"href":"https:\/\/chmedica.ch\/fr\/wp-json\/wp\/v2\/product_brand?post=53314"},{"taxonomy":"product_cat","embeddable":true,"href":"https:\/\/chmedica.ch\/fr\/wp-json\/wp\/v2\/product_cat?post=53314"},{"taxonomy":"product_tag","embeddable":true,"href":"https:\/\/chmedica.ch\/fr\/wp-json\/wp\/v2\/product_tag?post=53314"}],"curies":[{"name":"wp","href":"https:\/\/api.w.org\/{rel}","templated":true}]}}