{"id":51649,"date":"2023-06-22T23:54:22","date_gmt":"2023-06-22T21:54:22","guid":{"rendered":"https:\/\/chmedica.ch\/prodotto\/canule-yankauer-avec-extremite-a-ampoule-et-tube-daspiration-25-cm-sterile\/"},"modified":"2024-01-03T01:52:50","modified_gmt":"2024-01-03T00:52:50","slug":"canule-yankauer-avec-extremite-a-ampoule-et-tube-daspiration-25-cm-sterile","status":"publish","type":"product","link":"https:\/\/chmedica.ch\/fr\/produit\/canule-yankauer-avec-extremite-a-ampoule-et-tube-daspiration-25-cm-sterile\/","title":{"rendered":"CANULE YANKAUER avec extr\u00e9mit\u00e9 \u00e0 ampoule et tube d&rsquo;aspiration 25 cm &#8211; st\u00e9rile"},"content":{"rendered":"","protected":false},"excerpt":{"rendered":"","protected":false},"featured_media":51643,"template":"","meta":{"_acf_changed":false},"product_brand":[],"product_cat":[832,1216],"product_tag":[],"class_list":{"0":"post-51649","1":"product","2":"type-product","3":"status-publish","4":"has-post-thumbnail","6":"product_cat-accessoires-aspirateurs","7":"product_cat-canules-et-catheters","9":"first","10":"onbackorder","11":"taxable","12":"shipping-taxable","13":"purchasable","14":"product-type-simple"},"acf":{"fornitore":"GIMA","standard_accessori":"","unita_misura":"conf. 50 pz."},"_links":{"self":[{"href":"https:\/\/chmedica.ch\/fr\/wp-json\/wp\/v2\/product\/51649","targetHints":{"allow":["GET"]}}],"collection":[{"href":"https:\/\/chmedica.ch\/fr\/wp-json\/wp\/v2\/product"}],"about":[{"href":"https:\/\/chmedica.ch\/fr\/wp-json\/wp\/v2\/types\/product"}],"wp:featuredmedia":[{"embeddable":true,"href":"https:\/\/chmedica.ch\/fr\/wp-json\/wp\/v2\/media\/51643"}],"wp:attachment":[{"href":"https:\/\/chmedica.ch\/fr\/wp-json\/wp\/v2\/media?parent=51649"}],"wp:term":[{"taxonomy":"product_brand","embeddable":true,"href":"https:\/\/chmedica.ch\/fr\/wp-json\/wp\/v2\/product_brand?post=51649"},{"taxonomy":"product_cat","embeddable":true,"href":"https:\/\/chmedica.ch\/fr\/wp-json\/wp\/v2\/product_cat?post=51649"},{"taxonomy":"product_tag","embeddable":true,"href":"https:\/\/chmedica.ch\/fr\/wp-json\/wp\/v2\/product_tag?post=51649"}],"curies":[{"name":"wp","href":"https:\/\/api.w.org\/{rel}","templated":true}]}}