{"id":50101,"date":"2023-06-22T23:32:46","date_gmt":"2023-06-22T21:32:46","guid":{"rendered":"https:\/\/chmedica.ch\/prodotto\/kit-cryochirurgical-cryomega-vet-dual-delivery\/"},"modified":"2024-01-03T02:11:51","modified_gmt":"2024-01-03T01:11:51","slug":"kit-cryochirurgical-cryomega-vet-dual-delivery","status":"publish","type":"product","link":"https:\/\/chmedica.ch\/fr\/produit\/kit-cryochirurgical-cryomega-vet-dual-delivery\/","title":{"rendered":"KIT CRYOCHIRURGICAL CRYOMEGA VET DUAL DELIVERY"},"content":{"rendered":"<p>L\u00c9SIONS TRAIT\u00c9ES<br \/>\nType de l\u00e9sion \/ Plade de dur\u00e9e du gel<br \/>\nVerrues: 3 x 10 secondes<br \/>\nTumeurs des paupi\u00e8res: 10 &#8211; 20 secondes<br \/>\nTumeurs de la glande de Meibomius: 10 &#8211; 20 secondes<br \/>\nAcrochordons: 2 x 5 secondes<br \/>\nDistichiasis: 10 secondes<br \/>\nPapillomes: 3 x 10 secondes<br \/>\nAd\u00e9nomes: 3 x 10 secondes<br \/>\nGranulomes de l\u00e9chage: 3 x 10 secondes<br \/>\nExcroissances anales: 3 x 10 secondes<\/p>\n<p>AVANTAGES DE LA CRYOCHIRURGIE<br \/>\nMoins de temps n\u00e9cessaire<br \/>\nPlus de tissus pr\u00e9serv\u00e9s<br \/>\nMoins de saignement<br \/>\nMoins de douleur post-op\u00e9ratoire<br \/>\nMoins ou aucune n\u00e9cessit\u00e9 de s\u00e9dation<br \/>\nMoins ou aucune n\u00e9cessit\u00e9 de coupe<\/p>\n","protected":false},"excerpt":{"rendered":"<p>L\u00c9SIONS TRAIT\u00c9ES Type de l\u00e9sion \/ Plade de dur\u00e9e du gel Verrues: 3 x 10 secondes Tumeurs des paupi\u00e8res: 10 &#8211; 20 secondes Tumeurs de la glande de Meibomius: 10 &#8211; 20 secondes Acrochordons: 2 x 5 secondes Distichiasis: 10 secondes Papillomes: 3 x 10 secondes Ad\u00e9nomes: 3 x 10 secondes Granulomes de l\u00e9chage: 3 [&hellip;]<\/p>\n","protected":false},"featured_media":50092,"template":"","meta":{"_acf_changed":false},"product_brand":[],"product_cat":[1538,792],"product_tag":[],"class_list":{"0":"post-50101","1":"product","2":"type-product","3":"status-publish","4":"has-post-thumbnail","6":"product_cat-bistouri-electrique-fr-veterinaria","7":"product_cat-veterinaire","9":"first","10":"onbackorder","11":"taxable","12":"shipping-taxable","13":"purchasable","14":"product-type-simple"},"acf":{"fornitore":"GIMA","standard_accessori":"bidon de gaz cryog\u00e9nique\npoign\u00e9e et d\u00e9tente\n4 adaptateurs en forme de c\u00f4ne\n70 c\u00f4nes (3mm, 5mm, 7mm, 9mm, 12mm)\n1 guide de s\u00e9lection des c\u00f4nes\n20 embouts de contact\n1 tampon d\u2019entra\u00eenement en n\u00e9opr\u00e8ne","unita_misura":"1 kit"},"_links":{"self":[{"href":"https:\/\/chmedica.ch\/fr\/wp-json\/wp\/v2\/product\/50101","targetHints":{"allow":["GET"]}}],"collection":[{"href":"https:\/\/chmedica.ch\/fr\/wp-json\/wp\/v2\/product"}],"about":[{"href":"https:\/\/chmedica.ch\/fr\/wp-json\/wp\/v2\/types\/product"}],"wp:featuredmedia":[{"embeddable":true,"href":"https:\/\/chmedica.ch\/fr\/wp-json\/wp\/v2\/media\/50092"}],"wp:attachment":[{"href":"https:\/\/chmedica.ch\/fr\/wp-json\/wp\/v2\/media?parent=50101"}],"wp:term":[{"taxonomy":"product_brand","embeddable":true,"href":"https:\/\/chmedica.ch\/fr\/wp-json\/wp\/v2\/product_brand?post=50101"},{"taxonomy":"product_cat","embeddable":true,"href":"https:\/\/chmedica.ch\/fr\/wp-json\/wp\/v2\/product_cat?post=50101"},{"taxonomy":"product_tag","embeddable":true,"href":"https:\/\/chmedica.ch\/fr\/wp-json\/wp\/v2\/product_tag?post=50101"}],"curies":[{"name":"wp","href":"https:\/\/api.w.org\/{rel}","templated":true}]}}