{"id":50080,"date":"2023-06-22T23:32:29","date_gmt":"2023-06-22T21:32:29","guid":{"rendered":"https:\/\/chmedica.ch\/prodotto\/oxymetre-de-pouls-veterinaire-oxy-50-avec-logiciel\/"},"modified":"2024-01-03T02:12:02","modified_gmt":"2024-01-03T01:12:02","slug":"oxymetre-de-pouls-veterinaire-oxy-50-avec-logiciel","status":"publish","type":"product","link":"https:\/\/chmedica.ch\/fr\/produit\/oxymetre-de-pouls-veterinaire-oxy-50-avec-logiciel\/","title":{"rendered":"OXYM\u00c8TRE DE POULS V\u00c9T\u00c9RINAIRE OXY-50 avec logiciel"},"content":{"rendered":"<p>Fr\u00e9quence cardiaque<br \/>\nPlage de mesure: 30 ~ 250 bpm (r\u00e9solution 1 bpm)<br \/>\nExactitude: \u00b12 bpm ou \u00b12%<br \/>\nFC moyenne: calcule la moyenne mobile de la fr\u00e9quence cardiaque tous les 4 battements de coeur. L\u2019\u00e9cart entre la valeur moyenne et la valeur r\u00e9elle n\u2019exc\u00e8de pas 1%<br \/>\nPlage intensit\u00e9 pulsations: affichage continu de graphiques \u00e0 barres, le plus haut affich\u00e9 indique la pulsation la plus forte<\/p>\n<p>Dispositif<br \/>\nAlimentation: 3VCC, &lt; 100 MA<br \/>\nBatterie: 2 piles s\u00e8ches AA<br \/>\nCapteur oxym\u00e8tre: longueur d\u2019onde: 660 &#8211; 905 nm<br \/>\nDimensions &#8211; poids: 110x60xh 23 mm &#8211; 120g (avec batteries)<br \/>\nS\u00e9curit\u00e9: Type BF<\/p>\n<p>SpO2<br \/>\nPlage de mesure: 0~100% (r\u00e9solution 1%)<br \/>\nExactitude: 70~100%: \u00b12%<br \/>\nValeur moyenne: calcule la valeur moyenne toutes les 4 mesures. L\u2019\u00e9cart entre la valeur moyenne et la valeur r\u00e9elle n\u2019exc\u00e8de pas 1%<\/p>\n","protected":false},"excerpt":{"rendered":"<p>Fr\u00e9quence cardiaque Plage de mesure: 30 ~ 250 bpm (r\u00e9solution 1 bpm) Exactitude: \u00b12 bpm ou \u00b12% FC moyenne: calcule la moyenne mobile de la fr\u00e9quence cardiaque tous les 4 battements de coeur. L\u2019\u00e9cart entre la valeur moyenne et la valeur r\u00e9elle n\u2019exc\u00e8de pas 1% Plage intensit\u00e9 pulsations: affichage continu de graphiques \u00e0 barres, le [&hellip;]<\/p>\n","protected":false},"featured_media":50074,"template":"","meta":{"_acf_changed":false},"product_brand":[],"product_cat":[1292,792],"product_tag":[],"class_list":{"0":"post-50080","1":"product","2":"type-product","3":"status-publish","4":"has-post-thumbnail","6":"product_cat-oxymetres-etco2-veterinaire","7":"product_cat-veterinaire","9":"first","10":"onbackorder","11":"taxable","12":"shipping-taxable","13":"purchasable","14":"product-type-simple"},"acf":{"fornitore":"GIMA","standard_accessori":"","unita_misura":"1 pz."},"_links":{"self":[{"href":"https:\/\/chmedica.ch\/fr\/wp-json\/wp\/v2\/product\/50080","targetHints":{"allow":["GET"]}}],"collection":[{"href":"https:\/\/chmedica.ch\/fr\/wp-json\/wp\/v2\/product"}],"about":[{"href":"https:\/\/chmedica.ch\/fr\/wp-json\/wp\/v2\/types\/product"}],"wp:featuredmedia":[{"embeddable":true,"href":"https:\/\/chmedica.ch\/fr\/wp-json\/wp\/v2\/media\/50074"}],"wp:attachment":[{"href":"https:\/\/chmedica.ch\/fr\/wp-json\/wp\/v2\/media?parent=50080"}],"wp:term":[{"taxonomy":"product_brand","embeddable":true,"href":"https:\/\/chmedica.ch\/fr\/wp-json\/wp\/v2\/product_brand?post=50080"},{"taxonomy":"product_cat","embeddable":true,"href":"https:\/\/chmedica.ch\/fr\/wp-json\/wp\/v2\/product_cat?post=50080"},{"taxonomy":"product_tag","embeddable":true,"href":"https:\/\/chmedica.ch\/fr\/wp-json\/wp\/v2\/product_tag?post=50080"}],"curies":[{"name":"wp","href":"https:\/\/api.w.org\/{rel}","templated":true}]}}