{"id":49966,"date":"2023-06-22T19:58:37","date_gmt":"2023-06-22T17:58:37","guid":{"rendered":"https:\/\/chmedica.ch\/prodotto\/divan-de-traitement-electrique-reglable-en-hauteur-bleu\/"},"modified":"2024-01-02T16:19:15","modified_gmt":"2024-01-02T15:19:15","slug":"divan-de-traitement-electrique-reglable-en-hauteur-bleu","status":"publish","type":"product","link":"https:\/\/chmedica.ch\/fr\/produit\/divan-de-traitement-electrique-reglable-en-hauteur-bleu\/","title":{"rendered":"DIVAN DE TRAITEMENT \u00c9LECTRIQUE R\u00c9GLABLE EN HAUTEUR &#8211; bleu"},"content":{"rendered":"","protected":false},"excerpt":{"rendered":"<p>DIVAN GIMA \u00c9LECTRIQUE R\u00c9GLABLE EN HAUTEUR<br \/>\nDivan de traitement robuste et d\u2019une grande stabilit\u00e9. Hauteur r\u00e9glable \u00e9lectriquement par interrupteur au pied.<br \/>\nSection de jambes fixe et section de t\u00eate r\u00e9glable manuellement avec ouverture bouche-nez. <\/p>\n<p>\u2022 Rembourrage ignifuge<br \/>\n\u2022 Largeur: 68 cm<br \/>\n\u2022 Longueur: 193 cm<br \/>\n\u2022 Capacit\u00e9 de charge: 140 kg<br \/>\n\u2022 Fabriqu\u00e9 en Italie<br \/>\n\u2022 Couleur: bleu<\/p>\n","protected":false},"featured_media":49954,"template":"","meta":{"_acf_changed":false},"product_brand":[],"product_cat":[1364,854],"product_tag":[],"class_list":{"0":"post-49966","1":"product","2":"type-product","3":"status-publish","4":"has-post-thumbnail","6":"product_cat-lits-electriques-et-hydrauliques","7":"product_cat-lits-fauteuils-electriques-plombes","9":"first","10":"onbackorder","11":"taxable","12":"shipping-taxable","13":"purchasable","14":"product-type-simple"},"acf":{"fornitore":"GIMA","standard_accessori":"","unita_misura":"1 pz."},"_links":{"self":[{"href":"https:\/\/chmedica.ch\/fr\/wp-json\/wp\/v2\/product\/49966","targetHints":{"allow":["GET"]}}],"collection":[{"href":"https:\/\/chmedica.ch\/fr\/wp-json\/wp\/v2\/product"}],"about":[{"href":"https:\/\/chmedica.ch\/fr\/wp-json\/wp\/v2\/types\/product"}],"wp:featuredmedia":[{"embeddable":true,"href":"https:\/\/chmedica.ch\/fr\/wp-json\/wp\/v2\/media\/49954"}],"wp:attachment":[{"href":"https:\/\/chmedica.ch\/fr\/wp-json\/wp\/v2\/media?parent=49966"}],"wp:term":[{"taxonomy":"product_brand","embeddable":true,"href":"https:\/\/chmedica.ch\/fr\/wp-json\/wp\/v2\/product_brand?post=49966"},{"taxonomy":"product_cat","embeddable":true,"href":"https:\/\/chmedica.ch\/fr\/wp-json\/wp\/v2\/product_cat?post=49966"},{"taxonomy":"product_tag","embeddable":true,"href":"https:\/\/chmedica.ch\/fr\/wp-json\/wp\/v2\/product_tag?post=49966"}],"curies":[{"name":"wp","href":"https:\/\/api.w.org\/{rel}","templated":true}]}}