{"id":49933,"date":"2023-06-22T19:58:22","date_gmt":"2023-06-22T17:58:22","guid":{"rendered":"https:\/\/chmedica.ch\/prodotto\/lit-daccouchement-deluxe-avec-trendelenburg\/"},"modified":"2024-01-02T16:08:36","modified_gmt":"2024-01-02T15:08:36","slug":"lit-daccouchement-deluxe-avec-trendelenburg","status":"publish","type":"product","link":"https:\/\/chmedica.ch\/fr\/produit\/lit-daccouchement-deluxe-avec-trendelenburg\/","title":{"rendered":"LIT D&rsquo;ACCOUCHEMENT DELUXE &#8211; avec Trendelenburg"},"content":{"rendered":"<p>\u2022 Dimensions: 180 x 55 x h 80 cm<br \/>\n\u2022 Si\u00e8ge: 55 x 55 cm<br \/>\n\u2022 Charge: 110 kg<br \/>\n\u2022 Livr\u00e9 en kit<\/p>\n","protected":false},"excerpt":{"rendered":"<p>Divan gyn\u00e9cologiques de luxe (avec supports de jambe qualit\u00e9 sup\u00e9rieure) avec 3 parties dot\u00e9es de commandes ind\u00e9pendantes et position Trendelenburg.<\/p>\n<p>Robuste structure chrom\u00e9e. Tubes d\u2019acier rectangulaires.<br \/>\nSections de t\u00eate et de jambes r\u00e9glables.<br \/>\nSimilicuir noir, capitonnage lavable, non inflammable.<br \/>\nCharge: 110 kg.<br \/>\nAvec bassin \u00d8 31 cm en inox et supports de jambe.<br \/>\nFabriqu\u00e9 en Italie.<\/p>\n","protected":false},"featured_media":49927,"template":"","meta":{"_acf_changed":false},"product_brand":[],"product_cat":[1050,958],"product_tag":[],"class_list":{"0":"post-49933","1":"product","2":"type-product","3":"status-publish","4":"has-post-thumbnail","6":"product_cat-lits-de-gynecologie","7":"product_cat-meubles-medicaux","9":"first","10":"onbackorder","11":"taxable","12":"shipping-taxable","13":"purchasable","14":"product-type-simple"},"acf":{"fornitore":"GIMA","standard_accessori":"","unita_misura":"1 pz."},"_links":{"self":[{"href":"https:\/\/chmedica.ch\/fr\/wp-json\/wp\/v2\/product\/49933","targetHints":{"allow":["GET"]}}],"collection":[{"href":"https:\/\/chmedica.ch\/fr\/wp-json\/wp\/v2\/product"}],"about":[{"href":"https:\/\/chmedica.ch\/fr\/wp-json\/wp\/v2\/types\/product"}],"wp:featuredmedia":[{"embeddable":true,"href":"https:\/\/chmedica.ch\/fr\/wp-json\/wp\/v2\/media\/49927"}],"wp:attachment":[{"href":"https:\/\/chmedica.ch\/fr\/wp-json\/wp\/v2\/media?parent=49933"}],"wp:term":[{"taxonomy":"product_brand","embeddable":true,"href":"https:\/\/chmedica.ch\/fr\/wp-json\/wp\/v2\/product_brand?post=49933"},{"taxonomy":"product_cat","embeddable":true,"href":"https:\/\/chmedica.ch\/fr\/wp-json\/wp\/v2\/product_cat?post=49933"},{"taxonomy":"product_tag","embeddable":true,"href":"https:\/\/chmedica.ch\/fr\/wp-json\/wp\/v2\/product_tag?post=49933"}],"curies":[{"name":"wp","href":"https:\/\/api.w.org\/{rel}","templated":true}]}}