{"id":49414,"date":"2023-06-22T19:53:11","date_gmt":"2023-06-22T17:53:11","guid":{"rendered":"https:\/\/chmedica.ch\/prodotto\/douche-au-lit\/"},"modified":"2024-01-02T16:35:02","modified_gmt":"2024-01-02T15:35:02","slug":"douche-au-lit","status":"publish","type":"product","link":"https:\/\/chmedica.ch\/fr\/produit\/douche-au-lit\/","title":{"rendered":"DOUCHE AU LIT"},"content":{"rendered":"","protected":false},"excerpt":{"rendered":"<p>Cet \u00e9quipement garantit le nettoyage et l\u2019hygi\u00e8ne personnelle des personnes alit\u00e9es, \u00e2g\u00e9es ou handicap\u00e9es, directement au lit avec de l\u2019eau courante, sans besoin de d\u00e9placement \/ soul\u00e8vement.<\/p>\n<p>Avec la \u00abdouche au lit\u00bb, le patient peut \u00eatre lav\u00e9 avec de l\u2019eau pr\u00e9lev\u00e9e directement du robinet avec un tuyau de rallonge ou bien avec le r\u00e9servoir d\u2019eau \u00e0 pression pr\u00e9vu \u00e0 cet effet, dot\u00e9 de tuyau flexible et de douchette.<\/p>\n<p>Apr\u00e8s la toilette, l\u2019eau est \u00e9vacu\u00e9e vers un r\u00e9cipient appropri\u00e9. Dot\u00e9e d\u2019un bouchon et d\u2019un tuyau flexible pour faciliter l\u2019\u00e9vacuation de l\u2019eau.<\/p>\n","protected":false},"featured_media":49408,"template":"","meta":{"_acf_changed":false},"product_brand":[],"product_cat":[848,1430],"product_tag":[],"class_list":{"0":"post-49414","1":"product","2":"type-product","3":"status-publish","4":"has-post-thumbnail","6":"product_cat-aides-pour-personnes-handicapees","7":"product_cat-brancards-et-matelas-de-douche","9":"first","10":"onbackorder","11":"taxable","12":"shipping-taxable","13":"purchasable","14":"product-type-simple"},"acf":{"fornitore":"GIMA","standard_accessori":"","unita_misura":"1 pz."},"_links":{"self":[{"href":"https:\/\/chmedica.ch\/fr\/wp-json\/wp\/v2\/product\/49414","targetHints":{"allow":["GET"]}}],"collection":[{"href":"https:\/\/chmedica.ch\/fr\/wp-json\/wp\/v2\/product"}],"about":[{"href":"https:\/\/chmedica.ch\/fr\/wp-json\/wp\/v2\/types\/product"}],"wp:featuredmedia":[{"embeddable":true,"href":"https:\/\/chmedica.ch\/fr\/wp-json\/wp\/v2\/media\/49408"}],"wp:attachment":[{"href":"https:\/\/chmedica.ch\/fr\/wp-json\/wp\/v2\/media?parent=49414"}],"wp:term":[{"taxonomy":"product_brand","embeddable":true,"href":"https:\/\/chmedica.ch\/fr\/wp-json\/wp\/v2\/product_brand?post=49414"},{"taxonomy":"product_cat","embeddable":true,"href":"https:\/\/chmedica.ch\/fr\/wp-json\/wp\/v2\/product_cat?post=49414"},{"taxonomy":"product_tag","embeddable":true,"href":"https:\/\/chmedica.ch\/fr\/wp-json\/wp\/v2\/product_tag?post=49414"}],"curies":[{"name":"wp","href":"https:\/\/api.w.org\/{rel}","templated":true}]}}