{"id":49381,"date":"2023-06-22T19:52:54","date_gmt":"2023-06-22T17:52:54","guid":{"rendered":"https:\/\/chmedica.ch\/prodotto\/canne-en-bois-poignee-canard-chromee\/"},"modified":"2024-01-02T16:30:11","modified_gmt":"2024-01-02T15:30:11","slug":"canne-en-bois-poignee-canard-chromee","status":"publish","type":"product","link":"https:\/\/chmedica.ch\/fr\/produit\/canne-en-bois-poignee-canard-chromee\/","title":{"rendered":"CANNE EN BOIS &#8211; poign\u00e9e \u00ab\u00a0canard\u00a0\u00bb chrom\u00e9e"},"content":{"rendered":"","protected":false},"excerpt":{"rendered":"<p>Canne en bois de qualit\u00e9 fabriqu\u00e9e en Italie.<\/p>\n<p>POIGN\u00c9E \u00abCANARD\u00bb CHROM\u00c9E TIEPOLO &#8211; mixte &#8211; noire<\/p>\n<p>Charge maximale: 100 kg<br \/>\nHauteur: 92 cm (hauteur variable de 90 \u00e0 94 cm selon la protection en caoutchouc et la poign\u00e9e)<\/p>\n","protected":false},"featured_media":49369,"template":"","meta":{"_acf_changed":false},"product_brand":[],"product_cat":[848,1326],"product_tag":[],"class_list":{"0":"post-49381","1":"product","2":"type-product","3":"status-publish","4":"has-post-thumbnail","6":"product_cat-aides-pour-personnes-handicapees","7":"product_cat-brancards-bequilles","9":"first","10":"onbackorder","11":"taxable","12":"shipping-taxable","13":"purchasable","14":"product-type-simple"},"acf":{"fornitore":"GIMA","standard_accessori":"","unita_misura":"1 pz."},"_links":{"self":[{"href":"https:\/\/chmedica.ch\/fr\/wp-json\/wp\/v2\/product\/49381","targetHints":{"allow":["GET"]}}],"collection":[{"href":"https:\/\/chmedica.ch\/fr\/wp-json\/wp\/v2\/product"}],"about":[{"href":"https:\/\/chmedica.ch\/fr\/wp-json\/wp\/v2\/types\/product"}],"wp:featuredmedia":[{"embeddable":true,"href":"https:\/\/chmedica.ch\/fr\/wp-json\/wp\/v2\/media\/49369"}],"wp:attachment":[{"href":"https:\/\/chmedica.ch\/fr\/wp-json\/wp\/v2\/media?parent=49381"}],"wp:term":[{"taxonomy":"product_brand","embeddable":true,"href":"https:\/\/chmedica.ch\/fr\/wp-json\/wp\/v2\/product_brand?post=49381"},{"taxonomy":"product_cat","embeddable":true,"href":"https:\/\/chmedica.ch\/fr\/wp-json\/wp\/v2\/product_cat?post=49381"},{"taxonomy":"product_tag","embeddable":true,"href":"https:\/\/chmedica.ch\/fr\/wp-json\/wp\/v2\/product_tag?post=49381"}],"curies":[{"name":"wp","href":"https:\/\/api.w.org\/{rel}","templated":true}]}}