{"id":49348,"date":"2023-06-22T19:52:38","date_gmt":"2023-06-22T17:52:38","guid":{"rendered":"https:\/\/chmedica.ch\/prodotto\/siege-de-toilette-sureleve-avec-accoudoirs-rabattables-h-125-cm\/"},"modified":"2024-01-02T16:28:02","modified_gmt":"2024-01-02T15:28:02","slug":"siege-de-toilette-sureleve-avec-accoudoirs-rabattables-h-125-cm","status":"publish","type":"product","link":"https:\/\/chmedica.ch\/fr\/produit\/siege-de-toilette-sureleve-avec-accoudoirs-rabattables-h-125-cm\/","title":{"rendered":"SI\u00c8GE DE TOILETTE SUR\u00c9LEV\u00c9 avec accoudoirs rabattables &#8211; h 12,5 cm"},"content":{"rendered":"","protected":false},"excerpt":{"rendered":"<p>Avec yst\u00e8me de fixation (\u00e0 vis avant et arri\u00e8re) et accoudoirs rabattables en aluminium anodis\u00e9.<br \/>\nCharge maximum 130 kg (286.6 lb)<br \/>\nEmballage: 410 x 165 x 468 mm<\/p>\n","protected":false},"featured_media":49342,"template":"","meta":{"_acf_changed":false},"product_brand":[],"product_cat":[1330,848],"product_tag":[],"class_list":{"0":"post-49348","1":"product","2":"type-product","3":"status-publish","4":"has-post-thumbnail","6":"product_cat-aides-bain-pour-les-personnes-handicapees-et-agees","7":"product_cat-aides-pour-personnes-handicapees","9":"first","10":"onbackorder","11":"taxable","12":"shipping-taxable","13":"purchasable","14":"product-type-simple"},"acf":{"fornitore":"GIMA","standard_accessori":"","unita_misura":"1 pz."},"_links":{"self":[{"href":"https:\/\/chmedica.ch\/fr\/wp-json\/wp\/v2\/product\/49348","targetHints":{"allow":["GET"]}}],"collection":[{"href":"https:\/\/chmedica.ch\/fr\/wp-json\/wp\/v2\/product"}],"about":[{"href":"https:\/\/chmedica.ch\/fr\/wp-json\/wp\/v2\/types\/product"}],"wp:featuredmedia":[{"embeddable":true,"href":"https:\/\/chmedica.ch\/fr\/wp-json\/wp\/v2\/media\/49342"}],"wp:attachment":[{"href":"https:\/\/chmedica.ch\/fr\/wp-json\/wp\/v2\/media?parent=49348"}],"wp:term":[{"taxonomy":"product_brand","embeddable":true,"href":"https:\/\/chmedica.ch\/fr\/wp-json\/wp\/v2\/product_brand?post=49348"},{"taxonomy":"product_cat","embeddable":true,"href":"https:\/\/chmedica.ch\/fr\/wp-json\/wp\/v2\/product_cat?post=49348"},{"taxonomy":"product_tag","embeddable":true,"href":"https:\/\/chmedica.ch\/fr\/wp-json\/wp\/v2\/product_tag?post=49348"}],"curies":[{"name":"wp","href":"https:\/\/api.w.org\/{rel}","templated":true}]}}