{"id":49339,"date":"2023-06-22T19:52:34","date_gmt":"2023-06-22T17:52:34","guid":{"rendered":"https:\/\/chmedica.ch\/prodotto\/siege-de-toilette-sureleve-avec-accoudoir-fixes-h-125-cm\/"},"modified":"2024-01-02T16:27:56","modified_gmt":"2024-01-02T15:27:56","slug":"siege-de-toilette-sureleve-avec-accoudoir-fixes-h-125-cm","status":"publish","type":"product","link":"https:\/\/chmedica.ch\/fr\/produit\/siege-de-toilette-sureleve-avec-accoudoir-fixes-h-125-cm\/","title":{"rendered":"SI\u00c8GE DE TOILETTE SUR\u00c9LEV\u00c9 avec accoudoir fixes &#8211; h 12,5 cm"},"content":{"rendered":"","protected":false},"excerpt":{"rendered":"<p>Avec syst\u00e8me de fixation \u00e0 vis frontale et accoudoirs fixes en aluminium anodis\u00e9.<br \/>\nCharge max: 130 kg<br \/>\nEmballage: 410 x 165 x 468 mm<\/p>\n","protected":false},"featured_media":49333,"template":"","meta":{"_acf_changed":false},"product_brand":[],"product_cat":[1330,848],"product_tag":[],"class_list":{"0":"post-49339","1":"product","2":"type-product","3":"status-publish","4":"has-post-thumbnail","6":"product_cat-aides-bain-pour-les-personnes-handicapees-et-agees","7":"product_cat-aides-pour-personnes-handicapees","9":"first","10":"onbackorder","11":"taxable","12":"shipping-taxable","13":"purchasable","14":"product-type-simple"},"acf":{"fornitore":"GIMA","standard_accessori":"","unita_misura":"1 pz."},"_links":{"self":[{"href":"https:\/\/chmedica.ch\/fr\/wp-json\/wp\/v2\/product\/49339","targetHints":{"allow":["GET"]}}],"collection":[{"href":"https:\/\/chmedica.ch\/fr\/wp-json\/wp\/v2\/product"}],"about":[{"href":"https:\/\/chmedica.ch\/fr\/wp-json\/wp\/v2\/types\/product"}],"wp:featuredmedia":[{"embeddable":true,"href":"https:\/\/chmedica.ch\/fr\/wp-json\/wp\/v2\/media\/49333"}],"wp:attachment":[{"href":"https:\/\/chmedica.ch\/fr\/wp-json\/wp\/v2\/media?parent=49339"}],"wp:term":[{"taxonomy":"product_brand","embeddable":true,"href":"https:\/\/chmedica.ch\/fr\/wp-json\/wp\/v2\/product_brand?post=49339"},{"taxonomy":"product_cat","embeddable":true,"href":"https:\/\/chmedica.ch\/fr\/wp-json\/wp\/v2\/product_cat?post=49339"},{"taxonomy":"product_tag","embeddable":true,"href":"https:\/\/chmedica.ch\/fr\/wp-json\/wp\/v2\/product_tag?post=49339"}],"curies":[{"name":"wp","href":"https:\/\/api.w.org\/{rel}","templated":true}]}}