{"id":49072,"date":"2023-06-22T19:50:53","date_gmt":"2023-06-22T17:50:53","guid":{"rendered":"https:\/\/chmedica.ch\/prodotto\/lit-gynecologique-deluxe\/"},"modified":"2024-01-02T16:07:35","modified_gmt":"2024-01-02T15:07:35","slug":"lit-gynecologique-deluxe","status":"publish","type":"product","link":"https:\/\/chmedica.ch\/fr\/produit\/lit-gynecologique-deluxe\/","title":{"rendered":"LIT GYN\u00c9COLOGIQUE DELUXE"},"content":{"rendered":"<p>\u2022 Dimensions: 180 x 55 x h 80 cm<br \/>\n\u2022 Taille si\u00e8ge: 55 x 55 cm<br \/>\n\u2022 Livr\u00e9 en kit<\/p>\n","protected":false},"excerpt":{"rendered":"<p>Divan gyn\u00e9cologiques de luxe (avec supports de jambe qualit\u00e9 sup\u00e9rieure)<\/p>\n<p>Robuste structure chrom\u00e9e. Tubes d\u2019acier rectangulaires.<br \/>\nSections de t\u00eate et de jambes r\u00e9glables.<br \/>\nSimilicuir noir, capitonnage lavable, non inflammable.<br \/>\nCharge: 110 kg.<br \/>\nAvec bassin \u00d8 31 cm en inox et supports de jambe.<br \/>\nFabriqu\u00e9 en Italie.<\/p>\n","protected":false},"featured_media":49066,"template":"","meta":{"_acf_changed":false},"product_brand":[],"product_cat":[1050,958],"product_tag":[],"class_list":{"0":"post-49072","1":"product","2":"type-product","3":"status-publish","4":"has-post-thumbnail","6":"product_cat-lits-de-gynecologie","7":"product_cat-meubles-medicaux","9":"first","10":"onbackorder","11":"taxable","12":"shipping-taxable","13":"purchasable","14":"product-type-simple"},"acf":{"fornitore":"GIMA","standard_accessori":"","unita_misura":"1 pz."},"_links":{"self":[{"href":"https:\/\/chmedica.ch\/fr\/wp-json\/wp\/v2\/product\/49072","targetHints":{"allow":["GET"]}}],"collection":[{"href":"https:\/\/chmedica.ch\/fr\/wp-json\/wp\/v2\/product"}],"about":[{"href":"https:\/\/chmedica.ch\/fr\/wp-json\/wp\/v2\/types\/product"}],"wp:featuredmedia":[{"embeddable":true,"href":"https:\/\/chmedica.ch\/fr\/wp-json\/wp\/v2\/media\/49066"}],"wp:attachment":[{"href":"https:\/\/chmedica.ch\/fr\/wp-json\/wp\/v2\/media?parent=49072"}],"wp:term":[{"taxonomy":"product_brand","embeddable":true,"href":"https:\/\/chmedica.ch\/fr\/wp-json\/wp\/v2\/product_brand?post=49072"},{"taxonomy":"product_cat","embeddable":true,"href":"https:\/\/chmedica.ch\/fr\/wp-json\/wp\/v2\/product_cat?post=49072"},{"taxonomy":"product_tag","embeddable":true,"href":"https:\/\/chmedica.ch\/fr\/wp-json\/wp\/v2\/product_tag?post=49072"}],"curies":[{"name":"wp","href":"https:\/\/api.w.org\/{rel}","templated":true}]}}