{"id":48511,"date":"2023-06-22T19:46:50","date_gmt":"2023-06-22T17:46:50","guid":{"rendered":"https:\/\/chmedica.ch\/prodotto\/hysterometre-sims-33-cm\/"},"modified":"2026-01-29T15:27:20","modified_gmt":"2026-01-29T14:27:20","slug":"hysterometre-sims-33-cm","status":"publish","type":"product","link":"https:\/\/chmedica.ch\/fr\/produit\/hysterometre-sims-33-cm\/","title":{"rendered":"HYST\u00c9ROM\u00c8TRE SIMS 33 cm"},"content":{"rendered":"","protected":false},"excerpt":{"rendered":"<p>Hyst\u00e9rom\u00e8tre Sims &#8211; 33 cm &#8211; argent\u00e9.<br \/>\nInstrument de gyn\u00e9cologie.<\/p>\n","protected":false},"featured_media":48505,"template":"","meta":{"_acf_changed":false},"product_brand":[],"product_cat":[1110,866],"product_tag":[],"class_list":{"0":"post-48511","1":"product","2":"type-product","3":"status-publish","4":"has-post-thumbnail","6":"product_cat-instrumentation-gynecologique","7":"product_cat-instruments-chirurgicaux","9":"first","10":"onbackorder","11":"taxable","12":"shipping-taxable","13":"purchasable","14":"product-type-simple"},"acf":{"fornitore":"GIMA","standard_accessori":"","unita_misura":"1 pz."},"_links":{"self":[{"href":"https:\/\/chmedica.ch\/fr\/wp-json\/wp\/v2\/product\/48511","targetHints":{"allow":["GET"]}}],"collection":[{"href":"https:\/\/chmedica.ch\/fr\/wp-json\/wp\/v2\/product"}],"about":[{"href":"https:\/\/chmedica.ch\/fr\/wp-json\/wp\/v2\/types\/product"}],"wp:featuredmedia":[{"embeddable":true,"href":"https:\/\/chmedica.ch\/fr\/wp-json\/wp\/v2\/media\/48505"}],"wp:attachment":[{"href":"https:\/\/chmedica.ch\/fr\/wp-json\/wp\/v2\/media?parent=48511"}],"wp:term":[{"taxonomy":"product_brand","embeddable":true,"href":"https:\/\/chmedica.ch\/fr\/wp-json\/wp\/v2\/product_brand?post=48511"},{"taxonomy":"product_cat","embeddable":true,"href":"https:\/\/chmedica.ch\/fr\/wp-json\/wp\/v2\/product_cat?post=48511"},{"taxonomy":"product_tag","embeddable":true,"href":"https:\/\/chmedica.ch\/fr\/wp-json\/wp\/v2\/product_tag?post=48511"}],"curies":[{"name":"wp","href":"https:\/\/api.w.org\/{rel}","templated":true}]}}