{"id":48361,"date":"2023-06-22T19:45:40","date_gmt":"2023-06-22T17:45:40","guid":{"rendered":"https:\/\/chmedica.ch\/prodotto\/bassin-de-lit-en-plastique\/"},"modified":"2024-01-02T13:58:55","modified_gmt":"2024-01-02T12:58:55","slug":"bassin-de-lit-en-plastique","status":"publish","type":"product","link":"https:\/\/chmedica.ch\/fr\/produit\/bassin-de-lit-en-plastique\/","title":{"rendered":"BASSIN DE LIT EN PLASTIQUE"},"content":{"rendered":"","protected":false},"excerpt":{"rendered":"<p>Bassin de lit urinal &#8211; bo\u00eete de 20<\/p>\n<p>Fabriqu\u00e9 en polypropyl\u00e8ne et emball\u00e9 individuellement.<br \/>\nPolybag multilingue: GB, FR, IT, ES, PT, PL, GR, SE.<\/p>\n","protected":false},"featured_media":48355,"template":"","meta":{"_acf_changed":false},"product_brand":[],"product_cat":[934,1508],"product_tag":[],"class_list":{"0":"post-48361","1":"product","2":"type-product","3":"status-publish","4":"has-post-thumbnail","6":"product_cat-conteneurs-biologiques-urinaires","7":"product_cat-conteneurs-biologiques-et-urinaires","9":"first","10":"onbackorder","11":"taxable","12":"shipping-taxable","13":"purchasable","14":"product-type-simple"},"acf":{"fornitore":"GIMA","standard_accessori":"","unita_misura":"conf. 20 pz."},"_links":{"self":[{"href":"https:\/\/chmedica.ch\/fr\/wp-json\/wp\/v2\/product\/48361","targetHints":{"allow":["GET"]}}],"collection":[{"href":"https:\/\/chmedica.ch\/fr\/wp-json\/wp\/v2\/product"}],"about":[{"href":"https:\/\/chmedica.ch\/fr\/wp-json\/wp\/v2\/types\/product"}],"wp:featuredmedia":[{"embeddable":true,"href":"https:\/\/chmedica.ch\/fr\/wp-json\/wp\/v2\/media\/48355"}],"wp:attachment":[{"href":"https:\/\/chmedica.ch\/fr\/wp-json\/wp\/v2\/media?parent=48361"}],"wp:term":[{"taxonomy":"product_brand","embeddable":true,"href":"https:\/\/chmedica.ch\/fr\/wp-json\/wp\/v2\/product_brand?post=48361"},{"taxonomy":"product_cat","embeddable":true,"href":"https:\/\/chmedica.ch\/fr\/wp-json\/wp\/v2\/product_cat?post=48361"},{"taxonomy":"product_tag","embeddable":true,"href":"https:\/\/chmedica.ch\/fr\/wp-json\/wp\/v2\/product_tag?post=48361"}],"curies":[{"name":"wp","href":"https:\/\/api.w.org\/{rel}","templated":true}]}}