{"id":48295,"date":"2023-06-22T19:45:11","date_gmt":"2023-06-22T17:45:11","guid":{"rendered":"https:\/\/chmedica.ch\/prodotto\/abaisses-langues-en-bois-steriles-40-boites-de-50\/"},"modified":"2024-01-02T13:28:53","modified_gmt":"2024-01-02T12:28:53","slug":"abaisses-langues-en-bois-steriles-40-boites-de-50","status":"publish","type":"product","link":"https:\/\/chmedica.ch\/fr\/produit\/abaisses-langues-en-bois-steriles-40-boites-de-50\/","title":{"rendered":"ABAISSES-LANGUES EN BOIS &#8211; st\u00e9riles (40 bo\u00eetes de 50)"},"content":{"rendered":"","protected":false},"excerpt":{"rendered":"<p>Abaisse-langues de haute qualit\u00e9 en bois de bouleau. Finition pr\u00e9cise des bords.<\/p>\n<p>Dimensions: 150 x 18 x 1,6 mm.<br \/>\nConditionn\u00e9s dans un enveloppe en papier individuelle et st\u00e9rilis\u00e9s.<br \/>\nBo\u00eete de 2 000 unit\u00e9s (40 bo\u00eetes de 50 unit\u00e9s).<\/p>\n","protected":false},"featured_media":48289,"template":"","meta":{"_acf_changed":false},"product_brand":[],"product_cat":[1718,940],"product_tag":[],"class_list":{"0":"post-48295","1":"product","2":"type-product","3":"status-publish","4":"has-post-thumbnail","6":"product_cat-abaisse-langue","7":"product_cat-produits-orl","9":"first","10":"onbackorder","11":"taxable","12":"shipping-taxable","13":"purchasable","14":"product-type-simple"},"acf":{"fornitore":"GIMA","standard_accessori":"","unita_misura":"conf. 2000 pz."},"_links":{"self":[{"href":"https:\/\/chmedica.ch\/fr\/wp-json\/wp\/v2\/product\/48295","targetHints":{"allow":["GET"]}}],"collection":[{"href":"https:\/\/chmedica.ch\/fr\/wp-json\/wp\/v2\/product"}],"about":[{"href":"https:\/\/chmedica.ch\/fr\/wp-json\/wp\/v2\/types\/product"}],"wp:featuredmedia":[{"embeddable":true,"href":"https:\/\/chmedica.ch\/fr\/wp-json\/wp\/v2\/media\/48289"}],"wp:attachment":[{"href":"https:\/\/chmedica.ch\/fr\/wp-json\/wp\/v2\/media?parent=48295"}],"wp:term":[{"taxonomy":"product_brand","embeddable":true,"href":"https:\/\/chmedica.ch\/fr\/wp-json\/wp\/v2\/product_brand?post=48295"},{"taxonomy":"product_cat","embeddable":true,"href":"https:\/\/chmedica.ch\/fr\/wp-json\/wp\/v2\/product_cat?post=48295"},{"taxonomy":"product_tag","embeddable":true,"href":"https:\/\/chmedica.ch\/fr\/wp-json\/wp\/v2\/product_tag?post=48295"}],"curies":[{"name":"wp","href":"https:\/\/api.w.org\/{rel}","templated":true}]}}