{"id":47827,"date":"2023-06-22T19:39:15","date_gmt":"2023-06-22T17:39:15","guid":{"rendered":"https:\/\/chmedica.ch\/prodotto\/fauteuil-saba-electrique-4-moteurs-bleu-avio\/"},"modified":"2024-01-02T16:49:21","modified_gmt":"2024-01-02T15:49:21","slug":"fauteuil-saba-electrique-4-moteurs-bleu-avio","status":"publish","type":"product","link":"https:\/\/chmedica.ch\/fr\/produit\/fauteuil-saba-electrique-4-moteurs-bleu-avio\/","title":{"rendered":"FAUTEUIL SABA &#8211; \u00e9lectrique 4 moteurs &#8211; bleu avio"},"content":{"rendered":"","protected":false},"excerpt":{"rendered":"<p>FAUTEUIL \u00c9LECTRIQUE SABA &#8211; 4 moteurs &#8211; bleu fonc\u00e9<\/p>\n<p>Fauteuil \u00e9lectrique \u00e0 4 moteurs pour r\u00e9gler s\u00e9par\u00e9ment l\u2019angle du dossier, l\u2019inclinaison du si\u00e8ge et la hauteur du fauteuil, moyennant une commande manuelle et une commande \u00e0 p\u00e9dale incorpor\u00e9e.<br \/>\nLe rev\u00eatement de cuir de haute qualit\u00e9 est facile \u00e0 nettoyer et donne une sensation de fra\u00eecheur.<br \/>\nL\u2019appui-t\u00eate est pourvu d\u2019une ouverture bouche-nez.<br \/>\nLivr\u00e9 avec coussin amovible et commande \u00e0 distance.<br \/>\nBase m\u00e9tallique pour une stabilit\u00e9 \u00e9lev\u00e9e.<br \/>\nAlimentation: 100-240V &#8211; 50\/60Hz<\/p>\n<p>Dimensions: 185 x 88 x h 63-90 cm<br \/>\nPoids net: 98 kg<br \/>\nCharge max: 175 kg<br \/>\nAngle d\u2019inclinaison du dossier r\u00e9glable de 0\u00b0 \u00e0 80\u00b0<br \/>\nAngle du repose-pied r\u00e9glable de 0\u00b0 \u00e0 65\u00b0<br \/>\nAngle d\u2019inclinaison du si\u00e8ge r\u00e9glable de 0\u00b0 \u00e0 20\u00b0<br \/>\nHauteur du fauteuil r\u00e9glable 63-90 cm<\/p>\n","protected":false},"featured_media":47815,"template":"","meta":{"_acf_changed":false},"product_brand":[],"product_cat":[1374,854],"product_tag":[],"class_list":{"0":"post-47827","1":"product","2":"type-product","3":"status-publish","4":"has-post-thumbnail","6":"product_cat-fauteuils-electriques-et-mecaniques","7":"product_cat-lits-fauteuils-electriques-plombes","9":"first","10":"onbackorder","11":"taxable","12":"shipping-taxable","13":"purchasable","14":"product-type-simple"},"acf":{"fornitore":"GIMA","standard_accessori":"","unita_misura":"1 pz."},"_links":{"self":[{"href":"https:\/\/chmedica.ch\/fr\/wp-json\/wp\/v2\/product\/47827","targetHints":{"allow":["GET"]}}],"collection":[{"href":"https:\/\/chmedica.ch\/fr\/wp-json\/wp\/v2\/product"}],"about":[{"href":"https:\/\/chmedica.ch\/fr\/wp-json\/wp\/v2\/types\/product"}],"wp:featuredmedia":[{"embeddable":true,"href":"https:\/\/chmedica.ch\/fr\/wp-json\/wp\/v2\/media\/47815"}],"wp:attachment":[{"href":"https:\/\/chmedica.ch\/fr\/wp-json\/wp\/v2\/media?parent=47827"}],"wp:term":[{"taxonomy":"product_brand","embeddable":true,"href":"https:\/\/chmedica.ch\/fr\/wp-json\/wp\/v2\/product_brand?post=47827"},{"taxonomy":"product_cat","embeddable":true,"href":"https:\/\/chmedica.ch\/fr\/wp-json\/wp\/v2\/product_cat?post=47827"},{"taxonomy":"product_tag","embeddable":true,"href":"https:\/\/chmedica.ch\/fr\/wp-json\/wp\/v2\/product_tag?post=47827"}],"curies":[{"name":"wp","href":"https:\/\/api.w.org\/{rel}","templated":true}]}}