{"id":47719,"date":"2023-06-22T19:38:21","date_gmt":"2023-06-22T17:38:21","guid":{"rendered":"https:\/\/chmedica.ch\/prodotto\/fauteuil-electrique-de-podologie-3-moteurs-bleu\/"},"modified":"2024-01-02T16:48:22","modified_gmt":"2024-01-02T15:48:22","slug":"fauteuil-electrique-de-podologie-3-moteurs-bleu","status":"publish","type":"product","link":"https:\/\/chmedica.ch\/fr\/produit\/fauteuil-electrique-de-podologie-3-moteurs-bleu\/","title":{"rendered":"FAUTEUIL \u00c9LECTRIQUE DE PODOLOGIE &#8211; 3 moteurs &#8211; bleu"},"content":{"rendered":"","protected":false},"excerpt":{"rendered":"<p>FAUTEUIL \u00c9LECTRIQUE DE PODOLOGIE &#8211; 3 moteurs &#8211; bleu<\/p>\n<p>Contr\u00f4le \u00e9lectrique pour r\u00e9gler la hauteur, le dossier et le repose-pied de fa\u00e7on ind\u00e9pendante avec une p\u00e9dale ou un bouton de commande.<br \/>\nL\u2019appui-t\u00eate peut \u00eatre inclin\u00e9 et les accoudoirs sont r\u00e9versibles.<\/p>\n<p>Dimensions: 186 x 86 x h 58-89 cm<br \/>\nPoids net\/brut: 72\/92 kg<br \/>\nCharge max: 175 kg<br \/>\nAlimentation: 220-240 V &#8211; 50\/60 Hz.<\/p>\n","protected":false},"featured_media":47713,"template":"","meta":{"_acf_changed":false},"product_brand":[],"product_cat":[1374,854],"product_tag":[],"class_list":{"0":"post-47719","1":"product","2":"type-product","3":"status-publish","4":"has-post-thumbnail","6":"product_cat-fauteuils-electriques-et-mecaniques","7":"product_cat-lits-fauteuils-electriques-plombes","9":"first","10":"onbackorder","11":"taxable","12":"shipping-taxable","13":"purchasable","14":"product-type-simple"},"acf":{"fornitore":"GIMA","standard_accessori":"","unita_misura":"1 pz."},"_links":{"self":[{"href":"https:\/\/chmedica.ch\/fr\/wp-json\/wp\/v2\/product\/47719","targetHints":{"allow":["GET"]}}],"collection":[{"href":"https:\/\/chmedica.ch\/fr\/wp-json\/wp\/v2\/product"}],"about":[{"href":"https:\/\/chmedica.ch\/fr\/wp-json\/wp\/v2\/types\/product"}],"wp:featuredmedia":[{"embeddable":true,"href":"https:\/\/chmedica.ch\/fr\/wp-json\/wp\/v2\/media\/47713"}],"wp:attachment":[{"href":"https:\/\/chmedica.ch\/fr\/wp-json\/wp\/v2\/media?parent=47719"}],"wp:term":[{"taxonomy":"product_brand","embeddable":true,"href":"https:\/\/chmedica.ch\/fr\/wp-json\/wp\/v2\/product_brand?post=47719"},{"taxonomy":"product_cat","embeddable":true,"href":"https:\/\/chmedica.ch\/fr\/wp-json\/wp\/v2\/product_cat?post=47719"},{"taxonomy":"product_tag","embeddable":true,"href":"https:\/\/chmedica.ch\/fr\/wp-json\/wp\/v2\/product_tag?post=47719"}],"curies":[{"name":"wp","href":"https:\/\/api.w.org\/{rel}","templated":true}]}}