{"id":47695,"date":"2023-06-22T19:38:02","date_gmt":"2023-06-22T17:38:02","guid":{"rendered":"https:\/\/chmedica.ch\/prodotto\/commande-a-distance-pour-28010-28011-28040\/"},"modified":"2024-01-02T16:47:58","modified_gmt":"2024-01-02T15:47:58","slug":"commande-a-distance-pour-28010-28011-28040","status":"publish","type":"product","link":"https:\/\/chmedica.ch\/fr\/produit\/commande-a-distance-pour-28010-28011-28040\/","title":{"rendered":"COMMANDE A DISTANCE pour 28010, 28011, 28040"},"content":{"rendered":"","protected":false},"excerpt":{"rendered":"<p>T\u00e9l\u00e9commande pour fauteuils \u00e9lectriques.<\/p>\n","protected":false},"featured_media":47683,"template":"","meta":{"_acf_changed":false},"product_brand":[],"product_cat":[1374,854],"product_tag":[],"class_list":{"0":"post-47695","1":"product","2":"type-product","3":"status-publish","4":"has-post-thumbnail","6":"product_cat-fauteuils-electriques-et-mecaniques","7":"product_cat-lits-fauteuils-electriques-plombes","9":"first","10":"onbackorder","11":"taxable","12":"shipping-taxable","13":"purchasable","14":"product-type-simple"},"acf":{"fornitore":"GIMA","standard_accessori":"","unita_misura":"1 pz."},"_links":{"self":[{"href":"https:\/\/chmedica.ch\/fr\/wp-json\/wp\/v2\/product\/47695","targetHints":{"allow":["GET"]}}],"collection":[{"href":"https:\/\/chmedica.ch\/fr\/wp-json\/wp\/v2\/product"}],"about":[{"href":"https:\/\/chmedica.ch\/fr\/wp-json\/wp\/v2\/types\/product"}],"wp:featuredmedia":[{"embeddable":true,"href":"https:\/\/chmedica.ch\/fr\/wp-json\/wp\/v2\/media\/47683"}],"wp:attachment":[{"href":"https:\/\/chmedica.ch\/fr\/wp-json\/wp\/v2\/media?parent=47695"}],"wp:term":[{"taxonomy":"product_brand","embeddable":true,"href":"https:\/\/chmedica.ch\/fr\/wp-json\/wp\/v2\/product_brand?post=47695"},{"taxonomy":"product_cat","embeddable":true,"href":"https:\/\/chmedica.ch\/fr\/wp-json\/wp\/v2\/product_cat?post=47695"},{"taxonomy":"product_tag","embeddable":true,"href":"https:\/\/chmedica.ch\/fr\/wp-json\/wp\/v2\/product_tag?post=47695"}],"curies":[{"name":"wp","href":"https:\/\/api.w.org\/{rel}","templated":true}]}}