{"id":47644,"date":"2023-06-22T19:37:39","date_gmt":"2023-06-22T17:37:39","guid":{"rendered":"https:\/\/chmedica.ch\/prodotto\/fauteuil-amira-electrique-2-moteurs-blanc\/"},"modified":"2024-01-02T16:47:29","modified_gmt":"2024-01-02T15:47:29","slug":"fauteuil-amira-electrique-2-moteurs-blanc","status":"publish","type":"product","link":"https:\/\/chmedica.ch\/fr\/produit\/fauteuil-amira-electrique-2-moteurs-blanc\/","title":{"rendered":"FAUTEUIL AMIRA &#8211; \u00e9lectrique 2 moteurs &#8211; blanc"},"content":{"rendered":"","protected":false},"excerpt":{"rendered":"<p>FAUTEUIL AMIRA &#8211; 2 moteurs &#8211; blanc<\/p>\n<p>Fauteuil \u00e9lectrique permettant de r\u00e9gler s\u00e9par\u00e9ment la hauteur et le dossier.<br \/>\nR\u00e9glage manuel de l\u2019angle d\u2019inclinaison du si\u00e8ge et du repose-pied.<br \/>\nFourni avec coussin.<\/p>\n<p>Ouverture bouche-nez derri\u00e8re le coussin<br \/>\nDimensions: 185 x 69 x h 64-86 cm<br \/>\nPoids net: 62 kg<br \/>\nCharge max: 175 kg<br \/>\nAlimentation: 100-240 V &#8211; 50\/60 Hz.<br \/>\nAngle d\u2019inclinaison du si\u00e8ge r\u00e9glable 20\u00b0 (manuellement)<br \/>\nAngle du repose-pied r\u00e9glable de 0\u00b0 \u00e0 85\u00b0 (manuellement)<br \/>\nExtension repose-pied manuelle<br \/>\nHauteur r\u00e9glable 64-86 cm<\/p>\n","protected":false},"featured_media":47632,"template":"","meta":{"_acf_changed":false},"product_brand":[],"product_cat":[1374,854],"product_tag":[],"class_list":{"0":"post-47644","1":"product","2":"type-product","3":"status-publish","4":"has-post-thumbnail","6":"product_cat-fauteuils-electriques-et-mecaniques","7":"product_cat-lits-fauteuils-electriques-plombes","9":"first","10":"onbackorder","11":"taxable","12":"shipping-taxable","13":"purchasable","14":"product-type-simple"},"acf":{"fornitore":"GIMA","standard_accessori":"","unita_misura":"1 pz."},"_links":{"self":[{"href":"https:\/\/chmedica.ch\/fr\/wp-json\/wp\/v2\/product\/47644","targetHints":{"allow":["GET"]}}],"collection":[{"href":"https:\/\/chmedica.ch\/fr\/wp-json\/wp\/v2\/product"}],"about":[{"href":"https:\/\/chmedica.ch\/fr\/wp-json\/wp\/v2\/types\/product"}],"wp:featuredmedia":[{"embeddable":true,"href":"https:\/\/chmedica.ch\/fr\/wp-json\/wp\/v2\/media\/47632"}],"wp:attachment":[{"href":"https:\/\/chmedica.ch\/fr\/wp-json\/wp\/v2\/media?parent=47644"}],"wp:term":[{"taxonomy":"product_brand","embeddable":true,"href":"https:\/\/chmedica.ch\/fr\/wp-json\/wp\/v2\/product_brand?post=47644"},{"taxonomy":"product_cat","embeddable":true,"href":"https:\/\/chmedica.ch\/fr\/wp-json\/wp\/v2\/product_cat?post=47644"},{"taxonomy":"product_tag","embeddable":true,"href":"https:\/\/chmedica.ch\/fr\/wp-json\/wp\/v2\/product_tag?post=47644"}],"curies":[{"name":"wp","href":"https:\/\/api.w.org\/{rel}","templated":true}]}}