{"id":47527,"date":"2023-06-22T19:36:42","date_gmt":"2023-06-22T17:36:42","guid":{"rendered":"https:\/\/chmedica.ch\/prodotto\/porte-manteaux-gris\/"},"modified":"2024-01-02T16:46:16","modified_gmt":"2024-01-02T15:46:16","slug":"porte-manteaux-gris","status":"publish","type":"product","link":"https:\/\/chmedica.ch\/fr\/produit\/porte-manteaux-gris\/","title":{"rendered":"PORTE-MANTEAUX &#8211; gris"},"content":{"rendered":"","protected":false},"excerpt":{"rendered":"<p>Porte-manteaux sur pied \u00e0 5 rayons, structure couverte de poudre \u00e9poxydique gris m\u00e9tal et porte parapluies.<\/p>\n","protected":false},"featured_media":47521,"template":"","meta":{"_acf_changed":false},"product_brand":[],"product_cat":[1392,788],"product_tag":[],"class_list":{"0":"post-47527","1":"product","2":"type-product","3":"status-publish","4":"has-post-thumbnail","6":"product_cat-cintres-a-linge","7":"product_cat-meubles-clinique","9":"first","10":"onbackorder","11":"taxable","12":"shipping-taxable","13":"purchasable","14":"product-type-simple"},"acf":{"fornitore":"GIMA","standard_accessori":"","unita_misura":"1 pz."},"_links":{"self":[{"href":"https:\/\/chmedica.ch\/fr\/wp-json\/wp\/v2\/product\/47527","targetHints":{"allow":["GET"]}}],"collection":[{"href":"https:\/\/chmedica.ch\/fr\/wp-json\/wp\/v2\/product"}],"about":[{"href":"https:\/\/chmedica.ch\/fr\/wp-json\/wp\/v2\/types\/product"}],"wp:featuredmedia":[{"embeddable":true,"href":"https:\/\/chmedica.ch\/fr\/wp-json\/wp\/v2\/media\/47521"}],"wp:attachment":[{"href":"https:\/\/chmedica.ch\/fr\/wp-json\/wp\/v2\/media?parent=47527"}],"wp:term":[{"taxonomy":"product_brand","embeddable":true,"href":"https:\/\/chmedica.ch\/fr\/wp-json\/wp\/v2\/product_brand?post=47527"},{"taxonomy":"product_cat","embeddable":true,"href":"https:\/\/chmedica.ch\/fr\/wp-json\/wp\/v2\/product_cat?post=47527"},{"taxonomy":"product_tag","embeddable":true,"href":"https:\/\/chmedica.ch\/fr\/wp-json\/wp\/v2\/product_tag?post=47527"}],"curies":[{"name":"wp","href":"https:\/\/api.w.org\/{rel}","templated":true}]}}