{"id":47473,"date":"2023-06-22T19:36:20","date_gmt":"2023-06-22T17:36:20","guid":{"rendered":"https:\/\/chmedica.ch\/prodotto\/poubelle-70-l-a-pedale-acier-inox\/"},"modified":"2024-01-02T16:45:51","modified_gmt":"2024-01-02T15:45:51","slug":"poubelle-70-l-a-pedale-acier-inox","status":"publish","type":"product","link":"https:\/\/chmedica.ch\/fr\/produit\/poubelle-70-l-a-pedale-acier-inox\/","title":{"rendered":"POUBELLE 70 l \u00e0 p\u00e9dale &#8211; acier inox"},"content":{"rendered":"","protected":false},"excerpt":{"rendered":"<p>En acier inox. P\u00e9dale en caoutchouc antid\u00e9rapage. 2 poign\u00e9es lat\u00e9rales emp\u00eachent de se pincer les doigts. Seau interne galvanis\u00e9 avec poign\u00e9e.<\/p>\n<p>Dimensions: \u00d8 42 x h 72 cm.<br \/>\nFabriqu\u00e9e en Italie.<\/p>\n","protected":false},"featured_media":47461,"template":"","meta":{"_acf_changed":false},"product_brand":[],"product_cat":[788,1396],"product_tag":[],"class_list":{"0":"post-47473","1":"product","2":"type-product","3":"status-publish","4":"has-post-thumbnail","6":"product_cat-meubles-clinique","7":"product_cat-paniers","9":"first","10":"onbackorder","11":"taxable","12":"shipping-taxable","13":"purchasable","14":"product-type-simple"},"acf":{"fornitore":"GIMA","standard_accessori":"","unita_misura":"1 pz."},"_links":{"self":[{"href":"https:\/\/chmedica.ch\/fr\/wp-json\/wp\/v2\/product\/47473","targetHints":{"allow":["GET"]}}],"collection":[{"href":"https:\/\/chmedica.ch\/fr\/wp-json\/wp\/v2\/product"}],"about":[{"href":"https:\/\/chmedica.ch\/fr\/wp-json\/wp\/v2\/types\/product"}],"wp:featuredmedia":[{"embeddable":true,"href":"https:\/\/chmedica.ch\/fr\/wp-json\/wp\/v2\/media\/47461"}],"wp:attachment":[{"href":"https:\/\/chmedica.ch\/fr\/wp-json\/wp\/v2\/media?parent=47473"}],"wp:term":[{"taxonomy":"product_brand","embeddable":true,"href":"https:\/\/chmedica.ch\/fr\/wp-json\/wp\/v2\/product_brand?post=47473"},{"taxonomy":"product_cat","embeddable":true,"href":"https:\/\/chmedica.ch\/fr\/wp-json\/wp\/v2\/product_cat?post=47473"},{"taxonomy":"product_tag","embeddable":true,"href":"https:\/\/chmedica.ch\/fr\/wp-json\/wp\/v2\/product_tag?post=47473"}],"curies":[{"name":"wp","href":"https:\/\/api.w.org\/{rel}","templated":true}]}}