{"id":47413,"date":"2023-06-22T19:35:50","date_gmt":"2023-06-22T17:35:50","guid":{"rendered":"https:\/\/chmedica.ch\/prodotto\/marchepied-1-marche-demonte\/"},"modified":"2024-01-02T16:45:16","modified_gmt":"2024-01-02T15:45:16","slug":"marchepied-1-marche-demonte","status":"publish","type":"product","link":"https:\/\/chmedica.ch\/fr\/produit\/marchepied-1-marche-demonte\/","title":{"rendered":"MARCHEPIED &#8211; 1 marche &#8211; d\u00e9mont\u00e9"},"content":{"rendered":"","protected":false},"excerpt":{"rendered":"<p>MARCHEPIED &#8211; une marche &#8211; d\u00e9mont\u00e9<\/p>\n<p>Structure en tube d\u2019acier chrom\u00e9 avec pieds en caoutchouc.<br \/>\nCharge: 100 Kg<br \/>\nPlateforme antiglisse en plastique noir.<\/p>\n<p>Dimensions: 40 x h 24 cm<\/p>\n<p>Livr\u00e9 d\u00e9mont\u00e9 (45 x 27 x h 9 cm)<br \/>\nFabriqu\u00e9 en Italie.<\/p>\n","protected":false},"featured_media":47407,"template":"","meta":{"_acf_changed":false},"product_brand":[],"product_cat":[788,1400],"product_tag":[],"class_list":{"0":"post-47413","1":"product","2":"type-product","3":"status-publish","4":"has-post-thumbnail","6":"product_cat-meubles-clinique","7":"product_cat-tabourets-marchepieds","9":"first","10":"onbackorder","11":"taxable","12":"shipping-taxable","13":"purchasable","14":"product-type-simple"},"acf":{"fornitore":"GIMA","standard_accessori":"","unita_misura":"1 pz."},"_links":{"self":[{"href":"https:\/\/chmedica.ch\/fr\/wp-json\/wp\/v2\/product\/47413","targetHints":{"allow":["GET"]}}],"collection":[{"href":"https:\/\/chmedica.ch\/fr\/wp-json\/wp\/v2\/product"}],"about":[{"href":"https:\/\/chmedica.ch\/fr\/wp-json\/wp\/v2\/types\/product"}],"wp:featuredmedia":[{"embeddable":true,"href":"https:\/\/chmedica.ch\/fr\/wp-json\/wp\/v2\/media\/47407"}],"wp:attachment":[{"href":"https:\/\/chmedica.ch\/fr\/wp-json\/wp\/v2\/media?parent=47413"}],"wp:term":[{"taxonomy":"product_brand","embeddable":true,"href":"https:\/\/chmedica.ch\/fr\/wp-json\/wp\/v2\/product_brand?post=47413"},{"taxonomy":"product_cat","embeddable":true,"href":"https:\/\/chmedica.ch\/fr\/wp-json\/wp\/v2\/product_cat?post=47413"},{"taxonomy":"product_tag","embeddable":true,"href":"https:\/\/chmedica.ch\/fr\/wp-json\/wp\/v2\/product_tag?post=47413"}],"curies":[{"name":"wp","href":"https:\/\/api.w.org\/{rel}","templated":true}]}}