{"id":47266,"date":"2023-06-22T19:34:24","date_gmt":"2023-06-22T17:34:24","guid":{"rendered":"https:\/\/chmedica.ch\/prodotto\/armoire-a-pharmacie-bilaminee-autres-coloris\/"},"modified":"2024-01-02T16:43:16","modified_gmt":"2024-01-02T15:43:16","slug":"armoire-a-pharmacie-bilaminee-autres-coloris","status":"publish","type":"product","link":"https:\/\/chmedica.ch\/fr\/produit\/armoire-a-pharmacie-bilaminee-autres-coloris\/","title":{"rendered":"ARMOIRE \u00c0 PHARMACIE bilamin\u00e9e autres coloris"},"content":{"rendered":"<p>\u2022 Dimensions: 100 x 60 x h 195 cm<br \/>\n\u2022 Fabriqu\u00e9 en Italie<\/p>\n","protected":false},"excerpt":{"rendered":"<p>ARMOIRE \u00c0 PHARMACIE 100 x 60 x h 195 cm<\/p>\n<p>Indiquer la couleur souhait\u00e9e au moment de la commande. Disponible sous 30 jours.<\/p>\n<p>Avec syst\u00e8me de verrouillage pour m\u00e9dicaments dangereux, 48 compartiments et 5 \u00e9tag\u00e8res r\u00e9glables<br \/>\n&#8211; En bilamin\u00e9, de 20 mm d\u2019\u00e9paisseur<br \/>\n&#8211; ch\u00e2ssis en acier laqu\u00e9 recouvert de poudre \u00e9poxy et 4 pieds r\u00e9glables \u00d8 50 mm<br \/>\n&#8211; 2 portes externes verrouillables, pouvant s\u2019ouvrir \u00e0 180\u00b0 et dot\u00e9es de 8 compartiments chacune (extensibles jusqu\u2019\u00e0 10)<br \/>\n&#8211; joints p\u00e9riph\u00e9riques antipoussi\u00e8re<br \/>\n&#8211; 2 portes internes, avec 8 compartiments (extensibles jusqu\u2019\u00e0 10), s\u2019ouvrant \u00e0 90\u00b0<br \/>\n&#8211; compartiment pour m\u00e9dicaments dangereux avec dispositif de verrouillage<\/p>\n","protected":false},"featured_media":47248,"template":"","meta":{"_acf_changed":false},"product_brand":[],"product_cat":[1934,1422],"product_tag":[],"class_list":{"0":"post-47266","1":"product","2":"type-product","3":"status-publish","4":"has-post-thumbnail","6":"product_cat-armoire-pharmacie","7":"product_cat-vitrines-armoires-et-tables","9":"first","10":"onbackorder","11":"taxable","12":"shipping-taxable","13":"purchasable","14":"product-type-simple"},"acf":{"fornitore":"GIMA","standard_accessori":"","unita_misura":"1 pz."},"_links":{"self":[{"href":"https:\/\/chmedica.ch\/fr\/wp-json\/wp\/v2\/product\/47266","targetHints":{"allow":["GET"]}}],"collection":[{"href":"https:\/\/chmedica.ch\/fr\/wp-json\/wp\/v2\/product"}],"about":[{"href":"https:\/\/chmedica.ch\/fr\/wp-json\/wp\/v2\/types\/product"}],"wp:featuredmedia":[{"embeddable":true,"href":"https:\/\/chmedica.ch\/fr\/wp-json\/wp\/v2\/media\/47248"}],"wp:attachment":[{"href":"https:\/\/chmedica.ch\/fr\/wp-json\/wp\/v2\/media?parent=47266"}],"wp:term":[{"taxonomy":"product_brand","embeddable":true,"href":"https:\/\/chmedica.ch\/fr\/wp-json\/wp\/v2\/product_brand?post=47266"},{"taxonomy":"product_cat","embeddable":true,"href":"https:\/\/chmedica.ch\/fr\/wp-json\/wp\/v2\/product_cat?post=47266"},{"taxonomy":"product_tag","embeddable":true,"href":"https:\/\/chmedica.ch\/fr\/wp-json\/wp\/v2\/product_tag?post=47266"}],"curies":[{"name":"wp","href":"https:\/\/api.w.org\/{rel}","templated":true}]}}