{"id":47110,"date":"2023-06-22T19:33:11","date_gmt":"2023-06-22T17:33:11","guid":{"rendered":"https:\/\/chmedica.ch\/prodotto\/bureau-120x70-cm-avec-2-tiroirs\/"},"modified":"2024-01-02T16:41:35","modified_gmt":"2024-01-02T15:41:35","slug":"bureau-120x70-cm-avec-2-tiroirs","status":"publish","type":"product","link":"https:\/\/chmedica.ch\/fr\/produit\/bureau-120x70-cm-avec-2-tiroirs\/","title":{"rendered":"BUREAU 120&#215;70 cm &#8211; avec 2 tiroirs"},"content":{"rendered":"<p>\u2022 Dimensions: 120 x 70 x h 78 cm<br \/>\n\u2022 Poids: 31 kg<\/p>\n","protected":false},"excerpt":{"rendered":"<p>Bureau avec 2 tiroirs lat\u00e9raux et tiroir sup\u00e9rieur verrouillable, structure en acier tubulaire \u00e9maill\u00e9.<\/p>\n","protected":false},"featured_media":47104,"template":"","meta":{"_acf_changed":false},"product_brand":[],"product_cat":[1412,788],"product_tag":[],"class_list":{"0":"post-47110","1":"product","2":"type-product","3":"status-publish","4":"has-post-thumbnail","6":"product_cat-bureaux","7":"product_cat-meubles-clinique","9":"first","10":"onbackorder","11":"taxable","12":"shipping-taxable","13":"purchasable","14":"product-type-simple"},"acf":{"fornitore":"GIMA","standard_accessori":"","unita_misura":"1 pz."},"_links":{"self":[{"href":"https:\/\/chmedica.ch\/fr\/wp-json\/wp\/v2\/product\/47110","targetHints":{"allow":["GET"]}}],"collection":[{"href":"https:\/\/chmedica.ch\/fr\/wp-json\/wp\/v2\/product"}],"about":[{"href":"https:\/\/chmedica.ch\/fr\/wp-json\/wp\/v2\/types\/product"}],"wp:featuredmedia":[{"embeddable":true,"href":"https:\/\/chmedica.ch\/fr\/wp-json\/wp\/v2\/media\/47104"}],"wp:attachment":[{"href":"https:\/\/chmedica.ch\/fr\/wp-json\/wp\/v2\/media?parent=47110"}],"wp:term":[{"taxonomy":"product_brand","embeddable":true,"href":"https:\/\/chmedica.ch\/fr\/wp-json\/wp\/v2\/product_brand?post=47110"},{"taxonomy":"product_cat","embeddable":true,"href":"https:\/\/chmedica.ch\/fr\/wp-json\/wp\/v2\/product_cat?post=47110"},{"taxonomy":"product_tag","embeddable":true,"href":"https:\/\/chmedica.ch\/fr\/wp-json\/wp\/v2\/product_tag?post=47110"}],"curies":[{"name":"wp","href":"https:\/\/api.w.org\/{rel}","templated":true}]}}