{"id":47095,"date":"2023-06-22T19:33:02","date_gmt":"2023-06-22T17:33:02","guid":{"rendered":"https:\/\/chmedica.ch\/prodotto\/armoire-en-inox\/"},"modified":"2024-01-02T16:41:17","modified_gmt":"2024-01-02T15:41:17","slug":"armoire-en-inox","status":"publish","type":"product","link":"https:\/\/chmedica.ch\/fr\/produit\/armoire-en-inox\/","title":{"rendered":"ARMOIRE EN INOX"},"content":{"rendered":"<p>0<\/p>\n","protected":false},"excerpt":{"rendered":"<p>En acier inox AISI 304.<br \/>\nDeux portes verrouillables (\u00e9paisseur 10\/10), 4 \u00e9tag\u00e8res r\u00e9glables (inox 8\/10), 4 pieds r\u00e9glables avec rev\u00eatement en acier inox.<\/p>\n<p>\u2022 Dimensions: 100 x 48 x h 190 cm<br \/>\n\u2022 Poids: 130 kg<br \/>\n\u2022 Fabriqu\u00e9e en Italie<\/p>\n","protected":false},"featured_media":47089,"template":"","meta":{"_acf_changed":false},"product_brand":[],"product_cat":[1930,1422],"product_tag":[],"class_list":{"0":"post-47095","1":"product","2":"type-product","3":"status-publish","4":"has-post-thumbnail","6":"product_cat-armoires-et-etageres-en-acier","7":"product_cat-vitrines-armoires-et-tables","9":"first","10":"onbackorder","11":"taxable","12":"shipping-taxable","13":"purchasable","14":"product-type-simple"},"acf":{"fornitore":"GIMA","standard_accessori":"","unita_misura":"1 pz."},"_links":{"self":[{"href":"https:\/\/chmedica.ch\/fr\/wp-json\/wp\/v2\/product\/47095","targetHints":{"allow":["GET"]}}],"collection":[{"href":"https:\/\/chmedica.ch\/fr\/wp-json\/wp\/v2\/product"}],"about":[{"href":"https:\/\/chmedica.ch\/fr\/wp-json\/wp\/v2\/types\/product"}],"wp:featuredmedia":[{"embeddable":true,"href":"https:\/\/chmedica.ch\/fr\/wp-json\/wp\/v2\/media\/47089"}],"wp:attachment":[{"href":"https:\/\/chmedica.ch\/fr\/wp-json\/wp\/v2\/media?parent=47095"}],"wp:term":[{"taxonomy":"product_brand","embeddable":true,"href":"https:\/\/chmedica.ch\/fr\/wp-json\/wp\/v2\/product_brand?post=47095"},{"taxonomy":"product_cat","embeddable":true,"href":"https:\/\/chmedica.ch\/fr\/wp-json\/wp\/v2\/product_cat?post=47095"},{"taxonomy":"product_tag","embeddable":true,"href":"https:\/\/chmedica.ch\/fr\/wp-json\/wp\/v2\/product_tag?post=47095"}],"curies":[{"name":"wp","href":"https:\/\/api.w.org\/{rel}","templated":true}]}}