{"id":47047,"date":"2023-06-22T19:32:40","date_gmt":"2023-06-22T17:32:40","guid":{"rendered":"https:\/\/chmedica.ch\/prodotto\/armoire-murale-portes-peintes\/"},"modified":"2024-01-02T16:40:51","modified_gmt":"2024-01-02T15:40:51","slug":"armoire-murale-portes-peintes","status":"publish","type":"product","link":"https:\/\/chmedica.ch\/fr\/produit\/armoire-murale-portes-peintes\/","title":{"rendered":"ARMOIRE MURALE &#8211; portes peintes"},"content":{"rendered":"<p>\u2022 Portes: 2<br \/>\n\u2022 \u00c9tag\u00e8res r\u00e9glables: 3<br \/>\n\u2022 Poids: 18 kg<br \/>\n\u2022 Taille: 80 x 33 x h 45 cm<\/p>\n","protected":false},"excerpt":{"rendered":"<p>Armoire suspendue avec 2 portes verrouillables.<br \/>\nS\u00e9paration interne en 2 espaces vides, 2 plateaux amovibles c\u00f4t\u00e9 gauche, 1 plateau amovible c\u00f4t\u00e9 droit.<\/p>\n","protected":false},"featured_media":47041,"template":"","meta":{"_acf_changed":false},"product_brand":[],"product_cat":[1928,1422],"product_tag":[],"class_list":{"0":"post-47047","1":"product","2":"type-product","3":"status-publish","4":"has-post-thumbnail","6":"product_cat-vitrines-et-armoires-peintes","7":"product_cat-vitrines-armoires-et-tables","9":"first","10":"onbackorder","11":"taxable","12":"shipping-taxable","13":"purchasable","14":"product-type-simple"},"acf":{"fornitore":"GIMA","standard_accessori":"","unita_misura":"1 pz."},"_links":{"self":[{"href":"https:\/\/chmedica.ch\/fr\/wp-json\/wp\/v2\/product\/47047","targetHints":{"allow":["GET"]}}],"collection":[{"href":"https:\/\/chmedica.ch\/fr\/wp-json\/wp\/v2\/product"}],"about":[{"href":"https:\/\/chmedica.ch\/fr\/wp-json\/wp\/v2\/types\/product"}],"wp:featuredmedia":[{"embeddable":true,"href":"https:\/\/chmedica.ch\/fr\/wp-json\/wp\/v2\/media\/47041"}],"wp:attachment":[{"href":"https:\/\/chmedica.ch\/fr\/wp-json\/wp\/v2\/media?parent=47047"}],"wp:term":[{"taxonomy":"product_brand","embeddable":true,"href":"https:\/\/chmedica.ch\/fr\/wp-json\/wp\/v2\/product_brand?post=47047"},{"taxonomy":"product_cat","embeddable":true,"href":"https:\/\/chmedica.ch\/fr\/wp-json\/wp\/v2\/product_cat?post=47047"},{"taxonomy":"product_tag","embeddable":true,"href":"https:\/\/chmedica.ch\/fr\/wp-json\/wp\/v2\/product_tag?post=47047"}],"curies":[{"name":"wp","href":"https:\/\/api.w.org\/{rel}","templated":true}]}}