{"id":47038,"date":"2023-06-22T19:32:35","date_gmt":"2023-06-22T17:32:35","guid":{"rendered":"https:\/\/chmedica.ch\/prodotto\/armoire-murale-verre-tempere\/"},"modified":"2024-01-02T16:40:45","modified_gmt":"2024-01-02T15:40:45","slug":"armoire-murale-verre-tempere","status":"publish","type":"product","link":"https:\/\/chmedica.ch\/fr\/produit\/armoire-murale-verre-tempere\/","title":{"rendered":"ARMOIRE MURALE &#8211; verre temp\u00e9r\u00e9"},"content":{"rendered":"<p>\u2022 Portes: 2<br \/>\n\u2022 Etag\u00e8re r\u00e9glable: 2<br \/>\n\u2022 Poids: 16 kg<br \/>\n\u2022 Dimensions: 60 x 30 x h 60 cm<\/p>\n","protected":false},"excerpt":{"rendered":"<p>Armoire suspendue pour garder les m\u00e9dicaments avec 2 portes en verre tremp\u00e9 et 2 plateaux en<br \/>\nverre tremp\u00e9 r\u00e9glables sur leur support, \u00e0 accrocher au mur par 2 trous situ\u00e9s \u00e0 l\u2019arri\u00e8re. Livr\u00e9 avec serrure.<\/p>\n","protected":false},"featured_media":47032,"template":"","meta":{"_acf_changed":false},"product_brand":[],"product_cat":[1928,1422],"product_tag":[],"class_list":{"0":"post-47038","1":"product","2":"type-product","3":"status-publish","4":"has-post-thumbnail","6":"product_cat-vitrines-et-armoires-peintes","7":"product_cat-vitrines-armoires-et-tables","9":"first","10":"onbackorder","11":"taxable","12":"shipping-taxable","13":"purchasable","14":"product-type-simple"},"acf":{"fornitore":"GIMA","standard_accessori":"","unita_misura":"1 pz."},"_links":{"self":[{"href":"https:\/\/chmedica.ch\/fr\/wp-json\/wp\/v2\/product\/47038","targetHints":{"allow":["GET"]}}],"collection":[{"href":"https:\/\/chmedica.ch\/fr\/wp-json\/wp\/v2\/product"}],"about":[{"href":"https:\/\/chmedica.ch\/fr\/wp-json\/wp\/v2\/types\/product"}],"wp:featuredmedia":[{"embeddable":true,"href":"https:\/\/chmedica.ch\/fr\/wp-json\/wp\/v2\/media\/47032"}],"wp:attachment":[{"href":"https:\/\/chmedica.ch\/fr\/wp-json\/wp\/v2\/media?parent=47038"}],"wp:term":[{"taxonomy":"product_brand","embeddable":true,"href":"https:\/\/chmedica.ch\/fr\/wp-json\/wp\/v2\/product_brand?post=47038"},{"taxonomy":"product_cat","embeddable":true,"href":"https:\/\/chmedica.ch\/fr\/wp-json\/wp\/v2\/product_cat?post=47038"},{"taxonomy":"product_tag","embeddable":true,"href":"https:\/\/chmedica.ch\/fr\/wp-json\/wp\/v2\/product_tag?post=47038"}],"curies":[{"name":"wp","href":"https:\/\/api.w.org\/{rel}","templated":true}]}}